{"id":1072,"date":"2022-09-28T20:50:02","date_gmt":"2022-09-28T17:50:02","guid":{"rendered":"https:\/\/www.vuokraaja.com\/nfg\/?page_id=1072"},"modified":"2022-09-28T20:57:42","modified_gmt":"2022-09-28T17:57:42","slug":"puttisuora","status":"publish","type":"page","link":"https:\/\/www.vuokraaja.com\/nfg\/puttisuora\/","title":{"rendered":"Puttisuora"},"content":{"rendered":"\n<figure class=\"wp-block-image size-large\"><a href=\"http:\/\/www.vuokraaja.com\/nfg\/wp-content\/uploads\/2022\/09\/Puttisuora_sponsorit.jpg\"><img loading=\"lazy\" width=\"912\" height=\"1024\" src=\"http:\/\/www.vuokraaja.com\/nfg\/wp-content\/uploads\/2022\/09\/Puttisuora_sponsorit-912x1024.jpg\" alt=\"\" class=\"wp-image-1069\" srcset=\"https:\/\/www.vuokraaja.com\/nfg\/wp-content\/uploads\/2022\/09\/Puttisuora_sponsorit-912x1024.jpg 912w, https:\/\/www.vuokraaja.com\/nfg\/wp-content\/uploads\/2022\/09\/Puttisuora_sponsorit-267x300.jpg 267w, https:\/\/www.vuokraaja.com\/nfg\/wp-content\/uploads\/2022\/09\/Puttisuora_sponsorit-768x863.jpg 768w, https:\/\/www.vuokraaja.com\/nfg\/wp-content\/uploads\/2022\/09\/Puttisuora_sponsorit-1367x1536.jpg 1367w, https:\/\/www.vuokraaja.com\/nfg\/wp-content\/uploads\/2022\/09\/Puttisuora_sponsorit.jpg 1823w\" sizes=\"(max-width: 912px) 100vw, 912px\" \/><\/a><\/figure>\n\n\n\n<p>Kalliosaaren Frisbeekeskukseen valmistui syksyll\u00e4 2022 Nivalan oma peli nimelt\u00e4 &#8221;Puttisuora&#8221;. Pelin sai nimens\u00e4 nimikilpailun tuloksena. Peliss\u00e4 on 9 koria, joihin voidaan puttailla 5-15m et\u00e4isyydelt\u00e4. T\u00e4ss\u00e4 voi my\u00f6s harjoitella vaikka yl\u00f6sp\u00e4in puttaamista, koska radoilla on haastavia korotettuja koreja. Peli\u00e4 l\u00f6ytyy maailmalta muillakin nimill\u00e4 esim. Disc Tic-Tac-Toe tai Puttinolla (Kippasuon tavaramerkki). Mutta meill\u00e4 t\u00e4ss\u00e4 voi pelata useampia pelej\u00e4 tai vaikka keksi\u00e4 ihan oman. Pari esimerkki\u00e4:<\/p>\n\n\n\n<p>Ristinolla<\/p>\n\n\n\n<p>&#8211; Pelataan kaksin ja arvotaan aloittaja<br>&#8211; Valitaan alku et\u00e4isyys<br>&#8211; Putataan vuorotellen haluttuun koriin, mik\u00e4li kiekko menee vapaaseen koriin, niin se on varattu pelaajalle ja sit\u00e4 ei voi toinen en\u00e4\u00e4 varata.<br>&#8211; Pelataan niin kauan kunnes pelaaja saa kiekoilla varattuja koreja kolmen suoran vaakaan, pyst\u00f6\u00f6n tai kulmittain<br>&#8211; Mik\u00e4li ratkaisua ei synny, niin kiekot haetaan pois koreista ja jatketaan pelaamista alusta tyhjiin koreihin<br>&#8211; Kasvata et\u00e4isyytt\u00e4 vaikeuttaaksesi pelaamista<\/p>\n\n\n\n<p>Maalaus<\/p>\n\n\n\n<p>&#8211; Pelataan kaksi tai useammalla pelaajalla. Arvotaan aloittaja ja j\u00e4rjestys<br>&#8211; Valitaan et\u00e4isyys<br>&#8211; Seuraava pelaaja maalaa vuorossa olevalle korin, mihin pit\u00e4\u00e4 saada kiekko puttaamalla<br>&#8211; Pelataan j\u00e4rjestyksess\u00e4<br>&#8211; Pelaaja saa virheen, jos kiekko ei mene koriin<br>&#8211; Pelaaja putoaa kolmella virheell\u00e4 pelist\u00e4 ja pelin voittaa se, joka j\u00e4\u00e4 j\u00e4ljelle.<\/p>\n\n\n\n<p><strong>\u00c4L\u00c4 KIIPEILE KOREISSA JA KIEKOT HAETAAN KOREISTA TAKANA OLEVIA PORTAITA APUNA K\u00c4YTT\u00c4EN!<\/strong><\/p>\n\n\n\n<p>Pelin suunnittelu, sponsorimyynti ja toteutus Mika Junttila. Apuna tekemisess\u00e4 Henrik V\u00e4h\u00e4tiitto ja Pasi Eskola. Kaivinkonety\u00f6t Max Junttila. K\u00e4ytetyt talkootunnit 100h. Kiitokset sponsoreille.<br><\/p>\n","protected":false},"excerpt":{"rendered":"<p>Kalliosaaren Frisbeekeskukseen valmistui syksyll\u00e4 2022 Nivalan oma peli nimelt\u00e4 &#8221;Puttisuora&#8221;. Pelin sai nimens\u00e4 nimikilpailun tuloksena. Peliss\u00e4 on 9 koria, joihin voidaan puttailla 5-15m et\u00e4isyydelt\u00e4. T\u00e4ss\u00e4 voi my\u00f6s harjoitella vaikka yl\u00f6sp\u00e4in puttaamista, koska radoilla on haastavia korotettuja koreja. Peli\u00e4 l\u00f6ytyy maailmalta muillakin nimill\u00e4 esim. Disc Tic-Tac-Toe tai Puttinolla (Kippasuon tavaramerkki). Mutta meill\u00e4 t\u00e4ss\u00e4 voi pelata useampia &hellip; <a href=\"https:\/\/www.vuokraaja.com\/nfg\/puttisuora\/\" class=\"more-link\">Jatka lukemista <span class=\"screen-reader-text\">Puttisuora<\/span> <span class=\"meta-nav\">&rarr;<\/span><\/a><\/p>\n","protected":false},"author":3,"featured_media":0,"parent":0,"menu_order":0,"comment_status":"closed","ping_status":"closed","template":"","meta":[],"_links":{"self":[{"href":"https:\/\/www.vuokraaja.com\/nfg\/wp-json\/wp\/v2\/pages\/1072"}],"collection":[{"href":"https:\/\/www.vuokraaja.com\/nfg\/wp-json\/wp\/v2\/pages"}],"about":[{"href":"https:\/\/www.vuokraaja.com\/nfg\/wp-json\/wp\/v2\/types\/page"}],"author":[{"embeddable":true,"href":"https:\/\/www.vuokraaja.com\/nfg\/wp-json\/wp\/v2\/users\/3"}],"replies":[{"embeddable":true,"href":"https:\/\/www.vuokraaja.com\/nfg\/wp-json\/wp\/v2\/comments?post=1072"}],"version-history":[{"count":3,"href":"https:\/\/www.vuokraaja.com\/nfg\/wp-json\/wp\/v2\/pages\/1072\/revisions"}],"predecessor-version":[{"id":1079,"href":"https:\/\/www.vuokraaja.com\/nfg\/wp-json\/wp\/v2\/pages\/1072\/revisions\/1079"}],"wp:attachment":[{"href":"https:\/\/www.vuokraaja.com\/nfg\/wp-json\/wp\/v2\/media?parent=1072"}],"curies":[{"name":"wp","href":"https:\/\/api.w.org\/{rel}","templated":true}]}}