{"id":26,"date":"2014-03-05T09:27:46","date_gmt":"2014-03-05T07:27:46","guid":{"rendered":"http:\/\/www.vuokraaja.com\/nfg\/?page_id=26"},"modified":"2022-01-17T22:52:34","modified_gmt":"2022-01-17T20:52:34","slug":"jaseneksi","status":"publish","type":"page","link":"https:\/\/www.vuokraaja.com\/nfg\/jaseneksi\/","title":{"rendered":"J\u00e4seneksi"},"content":{"rendered":"<p>HUOM! Haluaisitko juuri sin\u00e4 liitty\u00e4 seuraan?<\/p>\n<p>Seuran j\u00e4senyys:<br \/>\n&#8211; Aikuiset (yli 18v) 25\u20ac kausi, liity t\u00e4st\u00e4 <a href=\"https:\/\/seurat.suomisport.fi\/invite\/8388d196-7d0e-4e64-8d96-6803b5f7bb2b\">linkist\u00e4<\/a> mukaan seuraan.<br \/>\n&#8211; Lapset (alle 18v) 15\u20ac kausi, liity t\u00e4st\u00e4 <a href=\"https:\/\/seurat.suomisport.fi\/invite\/cfa43b42-2392-4382-8eed-4007375599f8\">linkist\u00e4<\/a> mukaan seuraan.<br \/>\nHuom! J\u00e4senyytt\u00e4 haetaan ja kun se hyv\u00e4ksyt\u00e4\u00e4n, niin j\u00e4senmaksun voi maksaa valikosta Maksut kohdasta.<\/p>\n<p>PDGA lisenssi:<br \/>\n&#8211; 63,5\u20ac kausi<\/p>\n<p>J\u00e4seneksi liittym\u00e4ll\u00e4 saat:<br \/>\n&#8211; mit\u00e4 parhainta peliseuraa ja opastusta lajiin<br \/>\n&#8211; oikeuden hankkia PDGA-lisenssi kilpailuihin<br \/>\n&#8211; oikeuden seuravarusteisiin ja vaatetukseen<br \/>\n&#8211; tuet seuran toimintaa ja radan yll\u00e4pitoa<br \/>\n&#8211; oikeuden osallistua seuran mestaruuskisoihin, reik\u00e4pelikisaan, bagtag-kisaan, KFG kisoihin, KFG-bagtag-kisaan ja muihin tapahtumimiin<br \/>\n&#8211; PowerGripilt\u00e4 alennusta frisbeetarvikkeista<br \/>\n&#8211; Suomen Frisbeegolfliiiton (SFL) j\u00e4senyyden<\/p>\n<p>Lisenssin osto tapahtuu <a href=\"https:\/\/www.suomisport.fi\">https:\/\/www.suomisport.fi <\/a>palvelusta. Nyt on my\u00f6s saatavilla Suomisport appi Google Play- kaupasta ja App Storesta, jolla ostaminen on helppoa.<\/p>\n<p>Huom! Jos ostat PDGA-lisenssin, muista k\u00e4yd\u00e4 lis\u00e4\u00e4m\u00e4ss\u00e4 Suomisport profiilisii PDGA numero lisenssin saavuttua. PDGA-lisenssin hankinnalla sitoudut ostamaan my\u00f6s seuran j\u00e4senyyden, joten osta seuraj\u00e4senyys ensin. Jos k\u00e4yt\u00e4t <a href=\"https:\/\/www.discgolfmetrix.com\">https:\/\/www.discgolfmetrix.com <\/a>palvelua, niin muista k\u00e4yd\u00e4 lis\u00e4\u00e4m\u00e4ss\u00e4 sinne sportti-id ja pdga-numero my\u00f6s.<\/p>\n<p>Voit my\u00f6s liitty\u00e4 kannatusj\u00e4seneksi seuraamme maksamalla omavalintaisen summan seuran tilille ja laittamalla viesti-kentt\u00e4\u00e4n maksaessasi: Nimi, Kannatusj\u00e4senyys (Vuosiluku).<\/p>\n<p>NFG Seuran tilinumero: IBAN FI62 4749 0010 0705 04 (POP)<\/p>\n","protected":false},"excerpt":{"rendered":"<p>HUOM! Haluaisitko juuri sin\u00e4 liitty\u00e4 seuraan? Seuran j\u00e4senyys: &#8211; Aikuiset (yli 18v) 25\u20ac kausi, liity t\u00e4st\u00e4 linkist\u00e4 mukaan seuraan. &#8211; Lapset (alle 18v) 15\u20ac kausi, liity t\u00e4st\u00e4 linkist\u00e4 mukaan seuraan. Huom! J\u00e4senyytt\u00e4 haetaan ja kun se hyv\u00e4ksyt\u00e4\u00e4n, niin j\u00e4senmaksun voi maksaa valikosta Maksut kohdasta. PDGA lisenssi: &#8211; 63,5\u20ac kausi J\u00e4seneksi liittym\u00e4ll\u00e4 saat: &#8211; mit\u00e4 parhainta &hellip; <a href=\"https:\/\/www.vuokraaja.com\/nfg\/jaseneksi\/\" class=\"more-link\">Jatka lukemista <span class=\"screen-reader-text\">J\u00e4seneksi<\/span> <span class=\"meta-nav\">&rarr;<\/span><\/a><\/p>\n","protected":false},"author":1,"featured_media":0,"parent":0,"menu_order":0,"comment_status":"closed","ping_status":"closed","template":"","meta":[],"_links":{"self":[{"href":"https:\/\/www.vuokraaja.com\/nfg\/wp-json\/wp\/v2\/pages\/26"}],"collection":[{"href":"https:\/\/www.vuokraaja.com\/nfg\/wp-json\/wp\/v2\/pages"}],"about":[{"href":"https:\/\/www.vuokraaja.com\/nfg\/wp-json\/wp\/v2\/types\/page"}],"author":[{"embeddable":true,"href":"https:\/\/www.vuokraaja.com\/nfg\/wp-json\/wp\/v2\/users\/1"}],"replies":[{"embeddable":true,"href":"https:\/\/www.vuokraaja.com\/nfg\/wp-json\/wp\/v2\/comments?post=26"}],"version-history":[{"count":20,"href":"https:\/\/www.vuokraaja.com\/nfg\/wp-json\/wp\/v2\/pages\/26\/revisions"}],"predecessor-version":[{"id":902,"href":"https:\/\/www.vuokraaja.com\/nfg\/wp-json\/wp\/v2\/pages\/26\/revisions\/902"}],"wp:attachment":[{"href":"https:\/\/www.vuokraaja.com\/nfg\/wp-json\/wp\/v2\/media?parent=26"}],"curies":[{"name":"wp","href":"https:\/\/api.w.org\/{rel}","templated":true}]}}