{"id":378,"date":"2018-06-11T14:47:24","date_gmt":"2018-06-11T11:47:24","guid":{"rendered":"http:\/\/www.vuokraaja.com\/nfg\/?page_id=378"},"modified":"2025-08-02T14:53:56","modified_gmt":"2025-08-02T11:53:56","slug":"seuran-mestarit","status":"publish","type":"page","link":"https:\/\/www.vuokraaja.com\/nfg\/seuran-mestarit\/","title":{"rendered":"Seuran mestarit"},"content":{"rendered":"<p><strong>Seuran mestaruus:<br \/>\n<\/strong>2013 Antti Viljamaa<strong><br \/>\n<\/strong>2014 Joona Susimaa<br \/>\n2015 Hannu Koivum\u00e4ki<br \/>\n2016 Veli-Matti V\u00e4h\u00e4s\u00f6yrinki<br \/>\n2017 Mika Junttila<br \/>\n2018\u00a0Mika Junttila<br \/>\n2019 Mika Junttila<br \/>\n2020 Mika Junttila<br \/>\n2021 Veli-Matti V\u00e4h\u00e4s\u00f6yrinki<br \/>\n2022 Arttu Laitila<br \/>\n2023 Arttu Laitila<br \/>\n2024 Tuukka Suni<\/p>\n<p><strong>Seuran mestaruus (tasoitus):<\/strong><br \/>\n2013 Henri Karvonen<br \/>\n2014 Joonas Rautaoja<br \/>\n2015 Antti Jokinen<br \/>\n2016 Bene Myllyl\u00e4<br \/>\n2017 Mika Junttila<br \/>\n2018 Sami Toivoniemi<br \/>\n2019 Joonas Ypy\u00e4<br \/>\n2020 Pauli Liikanen<br \/>\n2021 Veli-Matti V\u00e4h\u00e4s\u00f6yrinki<br \/>\n2022 Arttu Laitila<br \/>\n2023 Henrik V\u00e4h\u00e4tiitto<br \/>\n2024 Matti Eskola<\/p>\n<p><strong>Reik\u00e4peli:<\/strong><br \/>\n2014 Antti Viljamaa<br \/>\n2015 Hannu Koivum\u00e4ki<br \/>\n2016 Veli-Matti V\u00e4h\u00e4s\u00f6yrinki<br \/>\n2017 Hannu Koivum\u00e4ki<br \/>\n2018 Mika Junttila<br \/>\n2019 Mika V\u00e4h\u00e4s\u00f6yrinki<br \/>\n2020 Veli-Matti V\u00e4h\u00e4s\u00f6yrinki<br \/>\n2021 Henrik V\u00e4h\u00e4tiitto<br \/>\n2022 Mika Junttila \/ Veli-Matti V\u00e4h\u00e4s\u00f6yrinki \/\u00a0 Arttu Laitila (tasapeli)<br \/>\n2023 Arttu Laitila<br \/>\n2024 Arttu Laitila<\/p>\n<p><strong>Viikkokisakauden mestaruus (Pokaali 2017 alkaen):<br \/>\n<\/strong>2014 Antti Viljamaa<br \/>\n2015 Ossi Laitinen<br \/>\n2016 Mika Junttila<strong><br \/>\n<\/strong>2017 Mika Junttila<br \/>\n2018 Mika Junttila<br \/>\n2019 Mika Junttila<br \/>\n2020 Mika Junttila<\/p>\n<p><strong>Juhannus 2K:<\/strong><br \/>\n2017 Mika Junttila<br \/>\n2018 Timo M\u00e4ntyl\u00e4<br \/>\n2019 Mika Junttila<br \/>\n2020 Mika V\u00e4h\u00e4s\u00f6yrinki<br \/>\n2021 Mika Junttila<br \/>\n2022 Mika Junttila<br \/>\n2023 Tuukka Suni<br \/>\n2024 Elias Oja<\/p>\n<p><strong>Seuranmestaruusparikisat:<br \/>\n<\/strong>2018 Sami Toivoniemi \/ Mika V\u00e4h\u00e4s\u00f6yrinki<br \/>\n2019 Mika V\u00e4h\u00e4s\u00f6yrinki \/ Hannu Koivum\u00e4ki<br \/>\n2020 Petri Karvola \/ Sami Toivoniemi<br \/>\n2021 Sami Toivoniemi \/ Mika v\u00e4h\u00e4s\u00f6yrinki<br \/>\n2022 Ei pidetty<br \/>\n2023 Ei pidetty<br \/>\n2024 Mika Junttila \/ Ville Eskola<\/p>\n","protected":false},"excerpt":{"rendered":"<p>Seuran mestaruus: 2013 Antti Viljamaa 2014 Joona Susimaa 2015 Hannu Koivum\u00e4ki 2016 Veli-Matti V\u00e4h\u00e4s\u00f6yrinki 2017 Mika Junttila 2018\u00a0Mika Junttila 2019 Mika Junttila 2020 Mika Junttila 2021 Veli-Matti V\u00e4h\u00e4s\u00f6yrinki 2022 Arttu Laitila 2023 Arttu Laitila 2024 Tuukka Suni Seuran mestaruus (tasoitus): 2013 Henri Karvonen 2014 Joonas Rautaoja 2015 Antti Jokinen 2016 Bene Myllyl\u00e4 2017 Mika Junttila &hellip; <a href=\"https:\/\/www.vuokraaja.com\/nfg\/seuran-mestarit\/\" class=\"more-link\">Jatka lukemista <span class=\"screen-reader-text\">Seuran mestarit<\/span> <span class=\"meta-nav\">&rarr;<\/span><\/a><\/p>\n","protected":false},"author":3,"featured_media":0,"parent":0,"menu_order":0,"comment_status":"closed","ping_status":"closed","template":"","meta":[],"_links":{"self":[{"href":"https:\/\/www.vuokraaja.com\/nfg\/wp-json\/wp\/v2\/pages\/378"}],"collection":[{"href":"https:\/\/www.vuokraaja.com\/nfg\/wp-json\/wp\/v2\/pages"}],"about":[{"href":"https:\/\/www.vuokraaja.com\/nfg\/wp-json\/wp\/v2\/types\/page"}],"author":[{"embeddable":true,"href":"https:\/\/www.vuokraaja.com\/nfg\/wp-json\/wp\/v2\/users\/3"}],"replies":[{"embeddable":true,"href":"https:\/\/www.vuokraaja.com\/nfg\/wp-json\/wp\/v2\/comments?post=378"}],"version-history":[{"count":24,"href":"https:\/\/www.vuokraaja.com\/nfg\/wp-json\/wp\/v2\/pages\/378\/revisions"}],"predecessor-version":[{"id":1164,"href":"https:\/\/www.vuokraaja.com\/nfg\/wp-json\/wp\/v2\/pages\/378\/revisions\/1164"}],"wp:attachment":[{"href":"https:\/\/www.vuokraaja.com\/nfg\/wp-json\/wp\/v2\/media?parent=378"}],"curies":[{"name":"wp","href":"https:\/\/api.w.org\/{rel}","templated":true}]}}