{"id":44,"date":"2014-03-26T22:42:19","date_gmt":"2014-03-26T20:42:19","guid":{"rendered":"http:\/\/www.vuokraaja.com\/nfg\/?page_id=44"},"modified":"2021-10-01T09:52:03","modified_gmt":"2021-10-01T06:52:03","slug":"hallitus","status":"publish","type":"page","link":"https:\/\/www.vuokraaja.com\/nfg\/hallitus\/","title":{"rendered":"Hallitus"},"content":{"rendered":"<p>Mika Junttila, puheenjohtaja<br \/>\nPetri Karvola, varapuheenjohtaja<br \/>\nOssi Laitinen, sihteeri<br \/>\nSami Pohjasniemi, rahastonhoitaja<br \/>\nSami Toivoniemi, hallituksen j\u00e4sen<br \/>\nJoonas Ypy\u00e4, hallituksen j\u00e4sen<\/p>\n","protected":false},"excerpt":{"rendered":"<p>Mika Junttila, puheenjohtaja Petri Karvola, varapuheenjohtaja Ossi Laitinen, sihteeri Sami Pohjasniemi, rahastonhoitaja Sami Toivoniemi, hallituksen j\u00e4sen Joonas Ypy\u00e4, hallituksen j\u00e4sen<\/p>\n","protected":false},"author":1,"featured_media":0,"parent":0,"menu_order":0,"comment_status":"closed","ping_status":"closed","template":"","meta":[],"_links":{"self":[{"href":"https:\/\/www.vuokraaja.com\/nfg\/wp-json\/wp\/v2\/pages\/44"}],"collection":[{"href":"https:\/\/www.vuokraaja.com\/nfg\/wp-json\/wp\/v2\/pages"}],"about":[{"href":"https:\/\/www.vuokraaja.com\/nfg\/wp-json\/wp\/v2\/types\/page"}],"author":[{"embeddable":true,"href":"https:\/\/www.vuokraaja.com\/nfg\/wp-json\/wp\/v2\/users\/1"}],"replies":[{"embeddable":true,"href":"https:\/\/www.vuokraaja.com\/nfg\/wp-json\/wp\/v2\/comments?post=44"}],"version-history":[{"count":8,"href":"https:\/\/www.vuokraaja.com\/nfg\/wp-json\/wp\/v2\/pages\/44\/revisions"}],"predecessor-version":[{"id":886,"href":"https:\/\/www.vuokraaja.com\/nfg\/wp-json\/wp\/v2\/pages\/44\/revisions\/886"}],"wp:attachment":[{"href":"https:\/\/www.vuokraaja.com\/nfg\/wp-json\/wp\/v2\/media?parent=44"}],"curies":[{"name":"wp","href":"https:\/\/api.w.org\/{rel}","templated":true}]}}