{"id":441,"date":"2018-10-15T21:40:35","date_gmt":"2018-10-15T18:40:35","guid":{"rendered":"http:\/\/www.vuokraaja.com\/nfg\/?page_id=441"},"modified":"2021-09-12T20:48:31","modified_gmt":"2021-09-12T17:48:31","slug":"pelien-saantoja","status":"publish","type":"page","link":"https:\/\/www.vuokraaja.com\/nfg\/pelien-saantoja\/","title":{"rendered":"Pelien s\u00e4\u00e4nt\u00f6j\u00e4"},"content":{"rendered":"\n<p><strong>Viikkokisat<\/strong><br>Pelataan lauantaisin klo 15:00. Osallistuminen 3\u20ac (j\u00e4senilt\u00e4 2\u20ac) ja 1\u20ac vapaaehtoinen hole-in-one potti. Viikkokisoja pelataan n. 20kpl kauden aikana. Minimi osallistujam\u00e4\u00e4r\u00e4 on 3kpl pelaajaa, alle kolmella pelaajalla kisa peruuntuu. Viikkokisoissa pdga-s\u00e4\u00e4nn\u00f6t. Viikkokisojen ohi ajavat muut mestaruus- tai openkisat. Viikkokisoissa pelataan kahdessa sarjassa: raakatuloksessa ja tasoituksessa. Tasoitussarjaan p\u00e4\u00e4see, kun k\u00e4y kaksissa viikkokisoissa kuluvalla kaudella. Eli kolmanteen viikkokisaan on tasoitus olemassa. Metrix voi ilmoittaa tasoitusta jo aiemmin, mutta sit\u00e4 ei oteta huomioon. Pelaajien kannattaa j\u00e4\u00e4d\u00e4 odottamaan palkintojen jakoa. Jos pelaajan nimi huudetaan ja h\u00e4n ei tule henkil\u00f6kohtaisesti vastaanottamaan palkintoa, palkinto jaetaan seuraavalle pelaajalle. Viikkokisat ja tasoitukset Metrixiss\u00e4:<br><a href=\"https:\/\/discgolfmetrix.com\/648366\" target=\"_blank\" rel=\"noreferrer noopener\">https:\/\/discgolfmetrix.com\/648366<\/a><\/p>\n\n\n\n<p><strong>Hole-in-one -potti<\/strong><br>Vain viikkokisojen yhteydess\u00e4. Potti kasvaa aina kultakin halukkaalta osallistujalta 1\u20ac verran. Holari heitt\u00e4ess\u00e4, pelaaja saa 60% potista ja loppu j\u00e4\u00e4 pohjaksi seuraavaan viikkokisaan. Jos kaksi tai useampi pelaaja heitt\u00e4\u00e4 holarin samassa viikkokisassa, niin 60% osuus jaetaan tasan heitt\u00e4neiden kesken.  Pelaajan t\u00e4ytyy pelata koko viikkokisat holarin osuessa, peli\u00e4 ei saa j\u00e4tt\u00e4\u00e4 kesken. Kun potti kasvaa 500\u20ac:oon, niin alamme ker\u00e4\u00e4m\u00e4\u00e4n toista pottia erikseen. Uuteen pottiin siirtyy 200\u20ac pohjalle ja j\u00e4\u00e4nyt 300\u20ac on se summa mik\u00e4 menee holarin heitt\u00e4j\u00e4lle ja toinen potti pysyy erill\u00e4\u00e4n. (Holaripotista voidaan ottaa rahaa tarvittaessa pienempien kisojen palkintoihin tai seuran hankintoihin hallituksen p\u00e4\u00e4t\u00f6ksell\u00e4)<\/p>\n\n\n\n<p><strong>CTP<\/strong> (Closest to Pin)<br>Kisoissa saattaa olla erilliskisana CTP -kisa tai tasatuloksen viimeisen\u00e4 vaiheena CTP,  jolla ratkotaan sijoitus. Jos CTP:ss\u00e4 heitt\u00e4\u00e4 holarin, niin silloin ei mitata vaan mitta tulos on nolla.  <\/p>\n\n\n\n<p><strong>Seuranmestaruuskisat<\/strong><br>Pelataan syksyll\u00e4 kisakauden loppup\u00e4\u00e4ss\u00e4. Seuranmestaruuskisoissa paras raakatulos ja tasoitustulos -luokat, joista voittajat saavat kiertopalkinnot vuodeksi kotiin (eri vuosina ollut my\u00f6s muita palkintoja). Kisoissa k\u00e4ytetty kustomoitua ratalayouttia ja lis\u00e4v\u00e4yli\u00e4. Tasoitussarjaan pit\u00e4\u00e4 olla voimassa oleva tasoitus kaudelle.&nbsp;&nbsp;Kisatoimikunta (tai hallitus) voi p\u00e4\u00e4tt\u00e4\u00e4 tasoituksista muuta, kuin mit\u00e4 tasoitusj\u00e4rjestelm\u00e4 n\u00e4ytt\u00e4\u00e4 tasoitukseksi. Eli selv\u00e4t omaa tasoaan isommat tasoitukset voidaan muuttaa oikeudenmukaisimmiksi.<\/p>\n\n\n\n<p><strong>Juhannus 2K-kisat<\/strong><br>Pelataan Juhannuksen aikaan kahdella laukusta valitulla kiekolla. Vain n\u00e4it\u00e4 kiekkoja saa k\u00e4ytt\u00e4\u00e4 kierroksella.<\/p>\n\n\n\n<p><strong>Seuranmestaruus parikisat<\/strong><br>Parit muodostetaan joko arvonnalla tai voimassa olevan tasoituksen mukaan, niin ett\u00e4 suurin ja pienin on pari jne. Pelataan Best-, Altertive- tai Worstshot pelimuotoja sekoitettuna TD:n m\u00e4\u00e4rityksen mukaan.<\/p>\n\n\n\n<p><strong>Reik\u00e4peli<\/strong><br>Pelataan TD:n m\u00e4\u00e4ritt\u00e4m\u00e4n kaavion mukaan, esim 16 tai 32 kaaviona tai mukana voi olla alakaavio. Kaavio arvotaan TD:n toimesta. Pelit pelataan TD:n ilmoittaman kaavion mukaan viikottain TD:n ilmoittamaan p\u00e4iv\u00e4\u00e4n menness\u00e4. Mik\u00e4li peli on pelaamatta TD selvitt\u00e4\u00e4 miksi n\u00e4in on k\u00e4ynyt ja p\u00e4\u00e4tt\u00e4\u00e4 kumpi jatkaa eteenp\u00e4in. Pelaajat ilmoittavat pelin j\u00e4lkeen tuloksen TD:lle, jotta uusi kaavio muodostuu ajoissa. Itse peli pelataan parin kesken niin, ett\u00e4 pelaataan kaksi kierrosta. Jokaisesta v\u00e4yl\u00e4st\u00e4 saa reik\u00e4 voiton pienemm\u00e4ll\u00e4 tuloksella. Jos tulee sama tulos, niin reik\u00e4 meni tasan. Pelin voittaa se, jolla on eniten reik\u00e4(v\u00e4yl\u00e4) voittoja. Mik\u00e4li 32 v\u00e4yl\u00e4\u00e4 on pelattu tasan, jatkuu peli sudden death muodolla v\u00e4yl\u00e4lt\u00e4 1 eteenp\u00e4in, kunnes voittaja on selvill\u00e4. Kaaviossa finaalin voittaja saa kiertopalkinnon vuodeksi itselleen.<\/p>\n\n\n\n<p><strong>Skini<\/strong><br>T\u00e4ss\u00e4 pelimuodossa laitetaan v\u00e4yl\u00e4kohtainen panos ja panoksen voittaa v\u00e4yl\u00e4ll\u00e4 pienimm\u00e4n tuloksen heitt\u00e4nyt. Mik\u00e4li v\u00e4yl\u00e4ll\u00e4 joku muu saa saman tuloksen kuin pienimm\u00e4n kanssa, niin v\u00e4yl\u00e4 potti siirtyy seuraavalle v\u00e4yl\u00e4lle ja laitetaan uudet panokset mukaan.<\/p>\n\n\n\n<p><strong>Viikkokisamestaruus<\/strong><br>Viikkokisoissa saa pisteit\u00e4 ao. kaavion sijoituksen mukaan. Jaetuilla sijoilla laitetaan sijojen pisteet yhteen ja jaetaan tasan pelaajien kesken. Esim jos kaksi pelaa jaetulla kaksi sijalla, niin pisteet menee (93+87)\/2=90 kummallekin.&nbsp; Eniten yhteispisteit\u00e4 kauden viikkokisoissa saanut seuran pelaaja saa kiertopalkinnon vuodeksi itselleen.&nbsp;<br><\/p>\n\n\n\n<figure class=\"wp-block-table\"><table><tbody><tr><td>1. Sija<\/td><td>100<\/td><td>11. Sija<\/td><td>60<\/td><td>21. Sija<\/td><td>30<\/td><\/tr><tr><td>2. Sija<\/td><td>93<\/td><td>12. Sija<\/td><td>57<\/td><td>22. Sija<\/td><td>27<\/td><\/tr><tr><td>3. Sija<\/td><td>87<\/td><td>13. Sija<\/td><td>54<\/td><td>23. Sija<\/td><td>24<\/td><\/tr><tr><td>4. Sija<\/td><td>82<\/td><td>14. Sija<\/td><td>51<\/td><td>24. Sija<\/td><td>21<\/td><\/tr><tr><td>5. Sija<\/td><td>78<\/td><td>15. Sija<\/td><td>48<\/td><td>25. Sija<\/td><td>18<\/td><\/tr><tr><td>6. Sija<\/td><td>75<\/td><td>16. Sija<\/td><td>45<\/td><td>26. Sija<\/td><td>15<\/td><\/tr><tr><td>7. Sija<\/td><td>72<\/td><td>17. Sija<\/td><td>42<\/td><td>27. Sija<\/td><td>12<\/td><\/tr><tr><td>8. Sija<\/td><td>69<\/td><td>18. Sija<\/td><td>39<\/td><td>28. Sija<\/td><td>9<\/td><\/tr><tr><td>9. Sija<\/td><td>66<\/td><td>19. Sija<\/td><td>36<\/td><td>29. Sija<\/td><td>6<\/td><\/tr><tr><td>10. Sija<\/td><td>63<\/td><td>20. Sija<\/td><td>33<\/td><td>30. Sija<\/td><td>3<\/td><\/tr><\/tbody><\/table><\/figure>\n\n\n\n<p><strong>Kalajokilaakso CUP<\/strong><br>Pelaataan TD:n m\u00e4\u00e4ritt\u00e4mien seurojen v\u00e4lill\u00e4 kunkin seuran viikkokisojen yhteydess\u00e4. Seura voi laittaa parhaalle pisteiden tuojalle erikoispalkinnon.<\/p>\n\n\n\n<p><strong>KFG ja Suomi bagtagit<\/strong><br>Pelaaja voi haastaa pienemm\u00e4n tagin omistaman pelaajan kisaan tagin vaihdosta. Haaste pit\u00e4\u00e4 kertoa ennen kierrokselle l\u00e4ht\u00f6\u00e4. Haasteeseen voi osallistua useampia pelaajia. Pelaajalla pit\u00e4\u00e4 olla hyv\u00e4 syy kielt\u00e4yty\u00e4 haasteesta. Hyv\u00e4 syy voi olla esim. ett\u00e4 juuri loppui kierros. Hankittuja tagej\u00e4 on pidett\u00e4v\u00e4 repussa n\u00e4kyvill\u00e4, ett\u00e4 muut n\u00e4kev\u00e4t ne. Haaste on kierroksen mittainen, elleiv\u00e4t pelaajat sovi muuta. Jos pelaaja joutuu lopettamaan haastekierroksen kesken, niin h\u00e4n vaihtaa suurimman tagin omistavan pelaajan kanssa tagej\u00e4. Jos kierros keskytyy, niin tagej\u00e4 ei tarvi vaihtaa. Mik\u00e4li tulee tasatulos, niin t\u00e4m\u00e4 ratkaistaan v\u00e4yl\u00e4ll\u00e4 yksi sudarina(2 kertaa) ja ctp:n\u00e4 (kolmannella kerralla) tai muulla yhteisell\u00e4 sovitulla tavalla. Viikkokisoissa tagi-haaste on poolin sis\u00e4ll\u00e4 automaattisesti voimassa kierrokselle l\u00e4htiess\u00e4. (Haasteissa k\u00e4ytett\u00e4v\u00e4 maalaisj\u00e4rke\u00e4 esim. jos haasteita aletaan tekem\u00e4\u00e4n s\u00e4hk\u00f6isesti ja ehottamaan kohtuuttomien aikojen p\u00e4\u00e4h\u00e4n)<\/p>\n","protected":false},"excerpt":{"rendered":"<p>ViikkokisatPelataan lauantaisin klo 15:00. Osallistuminen 3\u20ac (j\u00e4senilt\u00e4 2\u20ac) ja 1\u20ac vapaaehtoinen hole-in-one potti. Viikkokisoja pelataan n. 20kpl kauden aikana. Minimi osallistujam\u00e4\u00e4r\u00e4 on 3kpl pelaajaa, alle kolmella pelaajalla kisa peruuntuu. Viikkokisoissa pdga-s\u00e4\u00e4nn\u00f6t. Viikkokisojen ohi ajavat muut mestaruus- tai openkisat. Viikkokisoissa pelataan kahdessa sarjassa: raakatuloksessa ja tasoituksessa. Tasoitussarjaan p\u00e4\u00e4see, kun k\u00e4y kaksissa viikkokisoissa kuluvalla kaudella. Eli kolmanteen &hellip; <a href=\"https:\/\/www.vuokraaja.com\/nfg\/pelien-saantoja\/\" class=\"more-link\">Jatka lukemista <span class=\"screen-reader-text\">Pelien s\u00e4\u00e4nt\u00f6j\u00e4<\/span> <span class=\"meta-nav\">&rarr;<\/span><\/a><\/p>\n","protected":false},"author":3,"featured_media":0,"parent":0,"menu_order":0,"comment_status":"closed","ping_status":"closed","template":"","meta":[],"_links":{"self":[{"href":"https:\/\/www.vuokraaja.com\/nfg\/wp-json\/wp\/v2\/pages\/441"}],"collection":[{"href":"https:\/\/www.vuokraaja.com\/nfg\/wp-json\/wp\/v2\/pages"}],"about":[{"href":"https:\/\/www.vuokraaja.com\/nfg\/wp-json\/wp\/v2\/types\/page"}],"author":[{"embeddable":true,"href":"https:\/\/www.vuokraaja.com\/nfg\/wp-json\/wp\/v2\/users\/3"}],"replies":[{"embeddable":true,"href":"https:\/\/www.vuokraaja.com\/nfg\/wp-json\/wp\/v2\/comments?post=441"}],"version-history":[{"count":23,"href":"https:\/\/www.vuokraaja.com\/nfg\/wp-json\/wp\/v2\/pages\/441\/revisions"}],"predecessor-version":[{"id":883,"href":"https:\/\/www.vuokraaja.com\/nfg\/wp-json\/wp\/v2\/pages\/441\/revisions\/883"}],"wp:attachment":[{"href":"https:\/\/www.vuokraaja.com\/nfg\/wp-json\/wp\/v2\/media?parent=441"}],"curies":[{"name":"wp","href":"https:\/\/api.w.org\/{rel}","templated":true}]}}