{"id":53,"date":"2014-03-31T19:32:58","date_gmt":"2014-03-31T16:32:58","guid":{"rendered":"http:\/\/www.vuokraaja.com\/nfg\/?page_id=53"},"modified":"2022-01-15T13:56:48","modified_gmt":"2022-01-15T11:56:48","slug":"palvelut","status":"publish","type":"page","link":"https:\/\/www.vuokraaja.com\/nfg\/palvelut\/","title":{"rendered":"Palvelut"},"content":{"rendered":"<p>Kaikki palveluiden \u201cmyynnist\u00e4\u201d saatava tuotto k\u00e4ytet\u00e4\u00e4n Nivalan FrisbeeGolfin toiminnan yll\u00e4pit\u00e4miseen, Nivalan frisbeegolfradan\u00a0yll\u00e4pit\u00e4miseen ja frisbeegolfin kehitt\u00e4miseen alueella.<\/p>\n<p><strong>KIEKKOJEN VUOKRAUS<\/strong><\/p>\n<p>Pelipaketti sis\u00e4lt\u00e4\u00e4 aloittelijayst\u00e4v\u00e4lliset Discraftin kiekot: draiverin, midarin ja putterin. Pelipaketin vuokra on 5\u20ac. Hukatusta kiekosta perimme 20\u20ac. Maksu tilille FI62 4749 0010 0705 04, viestikentt\u00e4\u00e4n &#8221;Kiekkovuokra&#8221;. <strong>Tilaus numerosta 050-590 1469.<\/strong><\/p>\n<p><strong>VIRKISTYSTILAISUUDET<\/strong><\/p>\n<p>Nivalan FrisbeeGolf j\u00e4rjest\u00e4\u00e4 juuri sinun yrityksellesi tai yhteis\u00f6llesi virkistystilaisuuden, sinun aikatauluja ja toiveita vastaamaan.<\/p>\n<p>Frisbeegolf sopii kaikenik\u00e4isille, -kokoisille ja -kuntoisille. Et tarvitse aiempaa kokemusta, me kyll\u00e4 opastamme.<\/p>\n<p>Tilaisuuden sis\u00e4lt\u00f6 on p\u00e4\u00e4piirteilt\u00e4\u00e4n seuraava (voidaan muokata haluamaksenne)<\/p>\n<ul>\n<li>Lajiesittely<\/li>\n<li>S\u00e4\u00e4nt\u00f6jen ja turvallisuusasioiden l\u00e4pik\u00e4yminen<\/li>\n<li>Heittotekniikoiden ja v\u00e4lineiden esittely<\/li>\n<li>Leikkimielinen kisa 3-5 hengen ryhmiss\u00e4<\/li>\n<\/ul>\n<p>Tilaisuus kest\u00e4\u00e4 2-3 tuntia. Tilaisuuden hinta on 15 \u20ac \/ tunti \/ henkil\u00f6. Osallistujia t\u00e4ytyy olla v\u00e4hint\u00e4\u00e4n nelj\u00e4. Tilaisuus voidaan j\u00e4rjest\u00e4\u00e4 my\u00f6s Nivalan ulkopuolella, t\u00e4ll\u00f6in maksettavaksi tulee my\u00f6s matkakulut (0,27 \u20ac\/km).<\/p>\n<p><strong>Huom! <\/strong>Oletko j\u00e4rjest\u00e4m\u00e4ss\u00e4 tapahtumaa opiskelijoille tai koululaisille, kysy hinta<\/p>\n<p><strong>Ota rohkeasti yhteytt\u00e4 puhelimitse 050-590 1469, tai s\u00e4hk\u00f6postitse mika.junttila (\u00e4t) kotinet.com<\/strong><\/p>\n<p><strong>RATASUUNNITTELUT<\/strong><\/p>\n<p>Teemme my\u00f6s frisbeegolfratasuunnittelua. Rata suunnitellaan halutulla vaikeusasteella riskit kartoitettuna vuosien lajikokemuksella. Tyylikk\u00e4ill\u00e4 ja selkeill\u00e4 rataopasteilla nostat radan uskottavuutta ja helpotat radan k\u00e4ytt\u00f6\u00e4. Toteutamme tarvittaessa opasteet ja taulut suunnittelup\u00f6yd\u00e4lt\u00e4 valmiiksi fyysiseksi opasteeksi saakka. Referenssein\u00e4 ovat Nivalan keskustan, Pyssym\u00e4en ja Haikaran frisbeegolf radat.<\/p>\n","protected":false},"excerpt":{"rendered":"<p>Kaikki palveluiden \u201cmyynnist\u00e4\u201d saatava tuotto k\u00e4ytet\u00e4\u00e4n Nivalan FrisbeeGolfin toiminnan yll\u00e4pit\u00e4miseen, Nivalan frisbeegolfradan\u00a0yll\u00e4pit\u00e4miseen ja frisbeegolfin kehitt\u00e4miseen alueella. KIEKKOJEN VUOKRAUS Pelipaketti sis\u00e4lt\u00e4\u00e4 aloittelijayst\u00e4v\u00e4lliset Discraftin kiekot: draiverin, midarin ja putterin. Pelipaketin vuokra on 5\u20ac. Hukatusta kiekosta perimme 20\u20ac. Maksu tilille FI62 4749 0010 0705 04, viestikentt\u00e4\u00e4n &#8221;Kiekkovuokra&#8221;. Tilaus numerosta 050-590 1469. VIRKISTYSTILAISUUDET Nivalan FrisbeeGolf j\u00e4rjest\u00e4\u00e4 juuri sinun yrityksellesi &hellip; <a href=\"https:\/\/www.vuokraaja.com\/nfg\/palvelut\/\" class=\"more-link\">Jatka lukemista <span class=\"screen-reader-text\">Palvelut<\/span> <span class=\"meta-nav\">&rarr;<\/span><\/a><\/p>\n","protected":false},"author":1,"featured_media":0,"parent":0,"menu_order":0,"comment_status":"closed","ping_status":"closed","template":"","meta":[],"_links":{"self":[{"href":"https:\/\/www.vuokraaja.com\/nfg\/wp-json\/wp\/v2\/pages\/53"}],"collection":[{"href":"https:\/\/www.vuokraaja.com\/nfg\/wp-json\/wp\/v2\/pages"}],"about":[{"href":"https:\/\/www.vuokraaja.com\/nfg\/wp-json\/wp\/v2\/types\/page"}],"author":[{"embeddable":true,"href":"https:\/\/www.vuokraaja.com\/nfg\/wp-json\/wp\/v2\/users\/1"}],"replies":[{"embeddable":true,"href":"https:\/\/www.vuokraaja.com\/nfg\/wp-json\/wp\/v2\/comments?post=53"}],"version-history":[{"count":9,"href":"https:\/\/www.vuokraaja.com\/nfg\/wp-json\/wp\/v2\/pages\/53\/revisions"}],"predecessor-version":[{"id":895,"href":"https:\/\/www.vuokraaja.com\/nfg\/wp-json\/wp\/v2\/pages\/53\/revisions\/895"}],"wp:attachment":[{"href":"https:\/\/www.vuokraaja.com\/nfg\/wp-json\/wp\/v2\/media?parent=53"}],"curies":[{"name":"wp","href":"https:\/\/api.w.org\/{rel}","templated":true}]}}