{"id":678,"date":"2019-07-31T22:39:29","date_gmt":"2019-07-31T19:39:29","guid":{"rendered":"http:\/\/www.vuokraaja.com\/nfg\/?page_id=678"},"modified":"2023-01-02T20:31:56","modified_gmt":"2023-01-02T18:31:56","slug":"open-hall-of-fame","status":"publish","type":"page","link":"https:\/\/www.vuokraaja.com\/nfg\/open-hall-of-fame\/","title":{"rendered":"Open Hall of fame"},"content":{"rendered":"\n<p><strong>Kapina Open 2017<\/strong>  (<a href=\"https:\/\/kisakone.frisbeegolfliitto.fi\/kilpailu\/803\/katso\/leaderboard\" target=\"_blank\" rel=\"noreferrer noopener\" aria-label=\"https:\/\/kisakone.frisbeegolfliitto.fi\/kilpailu\/803\/katso\/leaderboard (opens in a new tab)\">https:\/\/kisakone.frisbeegolfliitto.fi\/kilpailu\/803\/katso\/leaderboard<\/a>)<\/p>\n\n\n\n<p>MPO<\/p>\n\n\n\n<figure class=\"wp-block-table\"><table><tbody><tr><td>1. Tommi Heikkinen \/ YFK<\/td><\/tr><tr><td>2.  Jarkko Naukkarinen  \/ WCDGK<\/td><\/tr><tr><td>3.  Niko Kempas  \/ TT<\/td><\/tr><tr><td>4.  Markus L\u00f6f \/ GBDG<\/td><\/tr><tr><td>4.  Tero Saaristo  \/ WDGC<\/td><\/tr><\/tbody><\/table><\/figure>\n\n\n\n<p>FPO<\/p>\n\n\n\n<figure class=\"wp-block-table\"><table><tbody><tr><td>1.  Terhi Tuorilainen \/ RR<\/td><\/tr><tr><td>2.  Suvi-Tuuli Dietrich  \/ WDGC<\/td><\/tr><tr><td>3.  Mervi Syv\u00e4luoma  \/ OFS<\/td><\/tr><\/tbody><\/table><\/figure>\n\n\n\n<p>MA2<\/p>\n\n\n\n<figure class=\"wp-block-table\"><table><tbody><tr><td>1.  Ville Salmela \/ WCDGK<\/td><\/tr><tr><td>2.  Hannu Koivum\u00e4ki  \/ NFG<\/td><\/tr><tr><td> 3.  Jani M\u00e4kinen \/ OFS<\/td><\/tr><\/tbody><\/table><\/figure>\n\n\n\n<p><strong>Kapina Open 2018<\/strong>  <br>(<a rel=\"noreferrer noopener\" aria-label=\"https:\/\/discgolfmetrix.com\/729120 (opens in a new tab)\" href=\"https:\/\/discgolfmetrix.com\/729120\" target=\"_blank\">https:\/\/discgolfmetrix.com\/729120<\/a>)<\/p>\n\n\n\n<p>MPO<\/p>\n\n\n\n<figure class=\"wp-block-table\"><table><tbody><tr><td>1. Jarkko Juntunen \/ SK<\/td><\/tr><tr><td>2. Oskari Saukko \/ YFK<\/td><\/tr><tr><td>3. Markus L\u00f6f  \/ GBDG <\/td><\/tr><tr><td>4. Rene Ojala \/ WCDGK<\/td><\/tr><tr><td>5. Jarkko Naukkarinen  \/ WCDGK <\/td><\/tr><\/tbody><\/table><\/figure>\n\n\n\n<p>FPO<\/p>\n\n\n\n<figure class=\"wp-block-table\"><table><tbody><tr><td>1. Terhi Tuorilainen \/ RR<\/td><\/tr><tr><td>2. Emmi Kivi \/ YFK<\/td><\/tr><tr><td>3. Heidi Kuikka \/ WCDGK  <\/td><\/tr><\/tbody><\/table><\/figure>\n\n\n\n<p>MP40<\/p>\n\n\n\n<figure class=\"wp-block-table\"><table><tbody><tr><td>1. Mika Junttila \/ NFG<\/td><\/tr><tr><td>2. Jukka Nurmenniemi \/ YFK<\/td><\/tr><tr><td>3. Christopher Monta\u00f1o \/ HaKo<\/td><\/tr><\/tbody><\/table><\/figure>\n\n\n\n<p>MA2<\/p>\n\n\n\n<figure class=\"wp-block-table\"><table><tbody><tr><td>1. Antti Kortesmaa \/ YFK<\/td><\/tr><tr><td>2. Meeti Ollfat \/  WCDGK  <\/td><\/tr><tr><td>3. Harri Tuohimaa  \/ PJLFG <\/td><\/tr><\/tbody><\/table><\/figure>\n\n\n\n<p><strong>Kapina Open 2019<\/strong><br>(<a href=\"https:\/\/discgolfmetrix.com\/1007272\"><\/a><a href=\"https:\/\/discgolfmetrix.com\/1007272\"><\/a><a rel=\"noreferrer noopener\" href=\"https:\/\/discgolfmetrix.com\/1007272\"><\/a><a rel=\"noreferrer noopener\" aria-label=\"https:\/\/discgolfmetrix.com\/1007272 (opens in a new tab)\" href=\"https:\/\/discgolfmetrix.com\/1007272\" target=\"_blank\">https:\/\/discgolfmetrix.com\/1007272<\/a>)<\/p>\n\n\n\n<p>MPO<\/p>\n\n\n\n<figure class=\"wp-block-table\"><table><tbody><tr><td>1. Joel Koski-V\u00e4h\u00e4l\u00e4 \/  WCDGK  <\/td><\/tr><tr><td>2. Pyry Joutsen \/ WCDGK  <\/td><\/tr><tr><td>3. Tero Tuohimaa  \/ PJLFG <\/td><\/tr><tr><td>4. Miro Joutsen \/  WCDGK  <\/td><\/tr><tr><td>5. Niko Kempas \/ TT<\/td><\/tr><\/tbody><\/table><\/figure>\n\n\n\n<p>FPO<\/p>\n\n\n\n<figure class=\"wp-block-table\"><table><tbody><tr><td>1. Mervi Syv\u00e4luoma \/ OFS<\/td><\/tr><tr><td>2. Suvi-Tuuli Dietrich \/ WDGC<\/td><\/tr><tr><td>3. Tuula Alatalo-Hussein \/  DGCH<\/td><\/tr><\/tbody><\/table><\/figure>\n\n\n\n<p>MP40<\/p>\n\n\n\n<figure class=\"wp-block-table\"><table><tbody><tr><td>1.  Marko Lipponen \/ Korven Kopse<\/td><\/tr><tr><td>2. Mika Junttila \/ NFG<\/td><\/tr><tr><td>3. Rami Tuohimaa \/ PJLFG<\/td><\/tr><\/tbody><\/table><\/figure>\n\n\n\n<p>MA2<\/p>\n\n\n\n<figure class=\"wp-block-table\"><table><tbody><tr><td>1. Jarno Nahkala \/ DGCH <\/td><\/tr><tr><td>2. Teemu Laakso \/ WDGC<\/td><\/tr><tr><td>3. Harri Tuohimaa  \/ PJLFG <\/td><\/tr><\/tbody><\/table><\/figure>\n\n\n\n<p> <strong>Kapina Open 2020<\/strong><br>(<a href=\"https:\/\/discgolfmetrix.com\/1007272\"><\/a><a href=\"https:\/\/discgolfmetrix.com\/1007272\"><\/a><a rel=\"noreferrer noopener\" href=\"https:\/\/discgolfmetrix.com\/1007272\"><\/a><a href=\"https:\/\/discgolfmetrix.com\/1360632\">https:\/\/discgolfmetrix.com\/1360632<\/a>) <\/p>\n\n\n\n<p>MPO<\/p>\n\n\n\n<figure class=\"wp-block-table\"><table><tbody><tr><td>1. Jarkko Naukkarinen \/  WCDGK  <\/td><\/tr><tr><td>2. Oskari Saukko \/ <\/td><\/tr><tr><td>3. Miro Joutsen \/  WCDGK  <\/td><\/tr><tr><td>4. Aapeli Karkola \/   DGCH <\/td><\/tr><tr><td>5. Harri Tuohimaa \/ TT<\/td><\/tr><tr><td>5. Mikko Myllyl\u00e4 \/  WDGC <\/td><\/tr><\/tbody><\/table><\/figure>\n\n\n\n<p>FPO<\/p>\n\n\n\n<figure class=\"wp-block-table\"><table><tbody><tr><td>1. Emmi Kivi \/ YFK<\/td><\/tr><tr><td>2. Heidi Kuikka \/  WCDGK <\/td><\/tr><\/tbody><\/table><\/figure>\n\n\n\n<p>MP40<\/p>\n\n\n\n<figure class=\"wp-block-table\"><table><tbody><tr><td>1.   Mika Junttila \/ NFG <\/td><\/tr><tr><td>2. Markku Uusivirta \/ <\/td><\/tr><tr><td>3. Tommi Heikkinen \/ YFK<\/td><\/tr><\/tbody><\/table><\/figure>\n\n\n\n<p>MA2<\/p>\n\n\n\n<figure class=\"wp-block-table\"><table><tbody><tr><td>1. Tommi Alatalo \/ <\/td><\/tr><tr><td>2. Antti Kortesmaa \/ YFK<\/td><\/tr><tr><td>3. Petteri P\u00e4rmi \/  <\/td><\/tr><\/tbody><\/table><\/figure>\n","protected":false},"excerpt":{"rendered":"<p>Kapina Open 2017 (https:\/\/kisakone.frisbeegolfliitto.fi\/kilpailu\/803\/katso\/leaderboard) MPO 1. Tommi Heikkinen \/ YFK 2. Jarkko Naukkarinen \/ WCDGK 3. Niko Kempas \/ TT 4. Markus L\u00f6f \/ GBDG 4. Tero Saaristo \/ WDGC FPO 1. Terhi Tuorilainen \/ RR 2. Suvi-Tuuli Dietrich \/ WDGC 3. Mervi Syv\u00e4luoma \/ OFS MA2 1. Ville Salmela \/ WCDGK 2. Hannu Koivum\u00e4ki &hellip; <a href=\"https:\/\/www.vuokraaja.com\/nfg\/open-hall-of-fame\/\" class=\"more-link\">Jatka lukemista <span class=\"screen-reader-text\">Open Hall of fame<\/span> <span class=\"meta-nav\">&rarr;<\/span><\/a><\/p>\n","protected":false},"author":3,"featured_media":0,"parent":0,"menu_order":0,"comment_status":"closed","ping_status":"closed","template":"","meta":[],"_links":{"self":[{"href":"https:\/\/www.vuokraaja.com\/nfg\/wp-json\/wp\/v2\/pages\/678"}],"collection":[{"href":"https:\/\/www.vuokraaja.com\/nfg\/wp-json\/wp\/v2\/pages"}],"about":[{"href":"https:\/\/www.vuokraaja.com\/nfg\/wp-json\/wp\/v2\/types\/page"}],"author":[{"embeddable":true,"href":"https:\/\/www.vuokraaja.com\/nfg\/wp-json\/wp\/v2\/users\/3"}],"replies":[{"embeddable":true,"href":"https:\/\/www.vuokraaja.com\/nfg\/wp-json\/wp\/v2\/comments?post=678"}],"version-history":[{"count":8,"href":"https:\/\/www.vuokraaja.com\/nfg\/wp-json\/wp\/v2\/pages\/678\/revisions"}],"predecessor-version":[{"id":1094,"href":"https:\/\/www.vuokraaja.com\/nfg\/wp-json\/wp\/v2\/pages\/678\/revisions\/1094"}],"wp:attachment":[{"href":"https:\/\/www.vuokraaja.com\/nfg\/wp-json\/wp\/v2\/media?parent=678"}],"curies":[{"name":"wp","href":"https:\/\/api.w.org\/{rel}","templated":true}]}}