{"id":704,"date":"2019-10-02T20:35:46","date_gmt":"2019-10-02T17:35:46","guid":{"rendered":"http:\/\/www.vuokraaja.com\/nfg\/?page_id=704"},"modified":"2019-10-02T20:35:46","modified_gmt":"2019-10-02T17:35:46","slug":"paihteiden-ehkaisy","status":"publish","type":"page","link":"https:\/\/www.vuokraaja.com\/nfg\/paihteiden-ehkaisy\/","title":{"rendered":"P\u00e4ihteiden ehk\u00e4isy"},"content":{"rendered":"\n<p>P\u00e4ihteet ja urheilu eiv\u00e4t kuulu yhteen. P\u00e4ihteill\u00e4 on monia urheilusuoritusta ja harjoittelua haittaavaa ja heikent\u00e4v\u00e4\u00e4 vaikutusta. Kaikki p\u00e4ihteet altistavat my\u00f6s riippuvuudelle. Nivalan Frisbeegolf pyrkii tarjoamaan p\u00e4ihteett\u00f6m\u00e4n harrastusymp\u00e4rist\u00f6n lapsille ja nuorille. Aikuisten esimerkill\u00e4 on suuri vaikutus.  Pyrimme my\u00f6s ehk\u00e4isem\u00e4\u00e4n aikuisten p\u00e4ihteiden k\u00e4ytt\u00f6\u00e4 harrastuksen parissa.  <\/p>\n\n\n\n<p>P\u00e4ihdes\u00e4\u00e4nn\u00f6t<\/p>\n\n\n\n<p>Seuran j\u00e4senet eiv\u00e4t polta tupakkaa, k\u00e4yt\u00e4 nuuskaa, alkoholia tai huumeita virallisessa seuran toiminnassa, viikkokisoissa tai pdga-alaisissa kisoissa. Seuran aikuiset edustavat seuraa, kun heill\u00e4 on seura-asu tai varuste, miss\u00e4 seuran tunnus, p\u00e4\u00e4ll\u00e4\u00e4n. Seura-asu p\u00e4\u00e4ll\u00e4 he eiv\u00e4t k\u00e4yt\u00e4 yll\u00e4 mainittuja p\u00e4ihteit\u00e4.<br><br>Urheiluun liittyviss\u00e4 tilanteissa, kuten voitonjuhlissa ja urheilijoiden ja johdon lausunnoissa ei v\u00e4litet\u00e4 nuorille my\u00f6nteist\u00e4 kuvaa p\u00e4ihteiden ja tupakkatuotteiden k\u00e4yt\u00f6st\u00e4 tai niiden liittymisest\u00e4 urheilemiseen. <br><br>Mik\u00e4li todetaan j\u00e4senen tai kisoihin osallistuneen pelaajan k\u00e4ytt\u00e4neen, ostaneen, myyneen tai pit\u00e4neen hallussa p\u00e4ihteit\u00e4 yll\u00e4 mainituissa tapahtumissa, on tilanteen havainneen oltava yhteydess\u00e4 kisajohtajaan (TD) tai hallituksen j\u00e4seneen. Kisajohtaja (TD) tai hallituksen puheenjohtaja keskustelee asiasta ko. j\u00e4senen tai kisapelaajan kanssa. P\u00e4ihteiden k\u00e4yt\u00f6st\u00e4 tulee pakollisia sanktioita Suomen Frisbeegolfliiton s\u00e4\u00e4nt\u00f6jen mukaan tai pdga-liiton s\u00e4\u00e4nt\u00f6jen kisan tier tason mukaan. My\u00f6s seuran hallitus voi antaa paikallisesti kilpailukieltoa p\u00e4ihde s\u00e4\u00e4nt\u00f6\u00e4 toistuvasti rikkoneelle pelaajalle tai j\u00e4senelle.<\/p>\n\n\n\n<p>2.10.2019<br>Nivalan Frisbeegolf hallitus<\/p>\n\n\n\n<p><\/p>\n","protected":false},"excerpt":{"rendered":"<p>P\u00e4ihteet ja urheilu eiv\u00e4t kuulu yhteen. P\u00e4ihteill\u00e4 on monia urheilusuoritusta ja harjoittelua haittaavaa ja heikent\u00e4v\u00e4\u00e4 vaikutusta. Kaikki p\u00e4ihteet altistavat my\u00f6s riippuvuudelle. Nivalan Frisbeegolf pyrkii tarjoamaan p\u00e4ihteett\u00f6m\u00e4n harrastusymp\u00e4rist\u00f6n lapsille ja nuorille. Aikuisten esimerkill\u00e4 on suuri vaikutus. Pyrimme my\u00f6s ehk\u00e4isem\u00e4\u00e4n aikuisten p\u00e4ihteiden k\u00e4ytt\u00f6\u00e4 harrastuksen parissa. P\u00e4ihdes\u00e4\u00e4nn\u00f6t Seuran j\u00e4senet eiv\u00e4t polta tupakkaa, k\u00e4yt\u00e4 nuuskaa, alkoholia tai huumeita virallisessa &hellip; <a href=\"https:\/\/www.vuokraaja.com\/nfg\/paihteiden-ehkaisy\/\" class=\"more-link\">Jatka lukemista <span class=\"screen-reader-text\">P\u00e4ihteiden ehk\u00e4isy<\/span> <span class=\"meta-nav\">&rarr;<\/span><\/a><\/p>\n","protected":false},"author":3,"featured_media":0,"parent":0,"menu_order":0,"comment_status":"closed","ping_status":"closed","template":"","meta":[],"_links":{"self":[{"href":"https:\/\/www.vuokraaja.com\/nfg\/wp-json\/wp\/v2\/pages\/704"}],"collection":[{"href":"https:\/\/www.vuokraaja.com\/nfg\/wp-json\/wp\/v2\/pages"}],"about":[{"href":"https:\/\/www.vuokraaja.com\/nfg\/wp-json\/wp\/v2\/types\/page"}],"author":[{"embeddable":true,"href":"https:\/\/www.vuokraaja.com\/nfg\/wp-json\/wp\/v2\/users\/3"}],"replies":[{"embeddable":true,"href":"https:\/\/www.vuokraaja.com\/nfg\/wp-json\/wp\/v2\/comments?post=704"}],"version-history":[{"count":1,"href":"https:\/\/www.vuokraaja.com\/nfg\/wp-json\/wp\/v2\/pages\/704\/revisions"}],"predecessor-version":[{"id":705,"href":"https:\/\/www.vuokraaja.com\/nfg\/wp-json\/wp\/v2\/pages\/704\/revisions\/705"}],"wp:attachment":[{"href":"https:\/\/www.vuokraaja.com\/nfg\/wp-json\/wp\/v2\/media?parent=704"}],"curies":[{"name":"wp","href":"https:\/\/api.w.org\/{rel}","templated":true}]}}