{"id":712,"date":"2020-01-07T18:45:55","date_gmt":"2020-01-07T16:45:55","guid":{"rendered":"http:\/\/www.vuokraaja.com\/nfg\/?page_id=712"},"modified":"2020-09-22T21:36:42","modified_gmt":"2020-09-22T18:36:42","slug":"rekisteriseloste","status":"publish","type":"page","link":"https:\/\/www.vuokraaja.com\/nfg\/rekisteriseloste\/","title":{"rendered":"GDPR Rekisteriseloste"},"content":{"rendered":"\n<p>1. REKISTERIN NIMI<br>J\u00e4senrekisteri<\/p>\n\n\n\n<p>2. REKISTERINPIT\u00c4J\u00c4<br>Nimi:\u00a0Nivalan Frisbeegolf ry<br>Osoite: Niittykuja 3-4 A2,\u00a085500 NIVALA<br>Mika Junttila, Puh.\u00a00505901469,\u00a0Email:\u00a0<a href=\"mailto:mika.junttila@kotinet.com\">mika.junttila@kotinet.com<\/a><br>varahenkil\u00f6n\u00e4 Ossi Laitinen, Email: <a href=\"mailto:nivalafrisbeegolf@gmail.com\">nivalafrisbeegolf@gmail.com<\/a><br>Y-tunnus: 3074867-7 <\/p>\n\n\n\n<p>3. REKISTERIN TARKOITUS<br>Listaus yhdistyksen j\u00e4senist\u00e4 Suomisport palvelussa.<\/p>\n\n\n\n<p>4. REKISTERIN TIETOSIS\u00c4LT\u00d6<br>Rekisteri sis\u00e4lt\u00e4\u00e4 yhdistyksen j\u00e4senten yhteystiedot, joita ovat v\u00e4hint\u00e4\u00e4n j\u00e4senen nimi ja s\u00e4hk\u00f6postiosoite. J\u00e4sentyypit ovat aikuinen, nuori- ja kannatusj\u00e4sen. J\u00e4senen tiedoissa on merkint\u00e4 syntym\u00e4vuodesta.<\/p>\n\n\n\n<p>5. REKISTERIN TIETOL\u00c4HDE<br>Tiedot rekisteriin merkit\u00e4\u00e4n j\u00e4senen oman ilmoituksen mukaan Suomisport palvelussa.<\/p>\n\n\n\n<p>6. REKISTERIN TIETOJEN LUOVUTUS<br>J\u00e4senrekisterist\u00e4 luovutetaan tietoja Suomen Frisbeegolfliitolle&nbsp;j\u00e4senyhdistysten j\u00e4senm\u00e4\u00e4r\u00e4n tarkistusta sek\u00e4 j\u00e4senyyden tarkistusta varten. J\u00e4senrekisterist\u00e4 luovutetaan tietoja my\u00f6s Professional Disc Golf Associationille kilpailulisenssien my\u00f6nt\u00e4mist\u00e4 varten. Yhdistys ei luovuta rekisteriss\u00e4 olevia tietoja suoramainontaan, et\u00e4myyntiin tai muuhun suoramarkkinointiin, mielipide- tai markkinatutkimukseen taikka muihin n\u00e4ihin rinnastettaviin osoitteellisiin l\u00e4hetyksiin ilman hallituksen hyv\u00e4ksynt\u00e4\u00e4 tai mik\u00e4li j\u00e4sen t\u00e4m\u00e4n kielt\u00e4\u00e4.<\/p>\n\n\n\n<p>7. REKISTERIN SUOJAUKSEN PERIAATTEET<br>Yhdistyksen rekisterin tiedot ker\u00e4t\u00e4\u00e4n suljettuun tietokantaan Suomisport palveluun, johon ei ole p\u00e4\u00e4sy\u00e4 muilla kuin rekisterin yll\u00e4pit\u00e4j\u00e4ll\u00e4.<\/p>\n\n\n\n<p>8. TARKASTUSOIKEUS<br>Rekisteriin merkitty henkil\u00f6 voi tarkastaa mit\u00e4 tietoja h\u00e4nest\u00e4 on merkitty yhdistyksen j\u00e4senrekisteriin. Tietojen tarkastuspyynt\u00f6 on esitett\u00e4v\u00e4 kirjallisesti yhdistyksen hallitukselle.<\/p>\n\n\n\n<p>9. REKISTERISS\u00c4 OLEVIEN TIETOJEN KORJAAMINEN<br>Yhdistyksen j\u00e4senten tulee itse ilmoittaa tietojensa muuttumisesta yhdistyksen j\u00e4senrekisterinhoitajalle varmistaakseen j\u00e4sentiedotteiden toimituksen oikeaan osoitteeseen.<br>Mik\u00e4li kohdan 8 tietojen tarkastuksessa on l\u00f6ytynyt huomautettavaa, oikaistaan, poistetaan tai t\u00e4ydennet\u00e4\u00e4n rekisteriss\u00e4 olevat tiedot v\u00e4litt\u00f6m\u00e4sti.<\/p>\n\n\n\n<p>Nivalassa 1.1.2020<\/p>\n\n\n\n<p>Nivalan Frisbeegolf hallitus<\/p>\n","protected":false},"excerpt":{"rendered":"<p>1. REKISTERIN NIMIJ\u00e4senrekisteri 2. REKISTERINPIT\u00c4J\u00c4Nimi:\u00a0Nivalan Frisbeegolf ryOsoite: Niittykuja 3-4 A2,\u00a085500 NIVALAMika Junttila, Puh.\u00a00505901469,\u00a0Email:\u00a0mika.junttila@kotinet.comvarahenkil\u00f6n\u00e4 Ossi Laitinen, Email: nivalafrisbeegolf@gmail.comY-tunnus: 3074867-7 3. REKISTERIN TARKOITUSListaus yhdistyksen j\u00e4senist\u00e4 Suomisport palvelussa. 4. REKISTERIN TIETOSIS\u00c4LT\u00d6Rekisteri sis\u00e4lt\u00e4\u00e4 yhdistyksen j\u00e4senten yhteystiedot, joita ovat v\u00e4hint\u00e4\u00e4n j\u00e4senen nimi ja s\u00e4hk\u00f6postiosoite. J\u00e4sentyypit ovat aikuinen, nuori- ja kannatusj\u00e4sen. J\u00e4senen tiedoissa on merkint\u00e4 syntym\u00e4vuodesta. 5. REKISTERIN TIETOL\u00c4HDETiedot rekisteriin merkit\u00e4\u00e4n &hellip; <a href=\"https:\/\/www.vuokraaja.com\/nfg\/rekisteriseloste\/\" class=\"more-link\">Jatka lukemista <span class=\"screen-reader-text\">GDPR Rekisteriseloste<\/span> <span class=\"meta-nav\">&rarr;<\/span><\/a><\/p>\n","protected":false},"author":3,"featured_media":0,"parent":0,"menu_order":0,"comment_status":"closed","ping_status":"closed","template":"","meta":[],"_links":{"self":[{"href":"https:\/\/www.vuokraaja.com\/nfg\/wp-json\/wp\/v2\/pages\/712"}],"collection":[{"href":"https:\/\/www.vuokraaja.com\/nfg\/wp-json\/wp\/v2\/pages"}],"about":[{"href":"https:\/\/www.vuokraaja.com\/nfg\/wp-json\/wp\/v2\/types\/page"}],"author":[{"embeddable":true,"href":"https:\/\/www.vuokraaja.com\/nfg\/wp-json\/wp\/v2\/users\/3"}],"replies":[{"embeddable":true,"href":"https:\/\/www.vuokraaja.com\/nfg\/wp-json\/wp\/v2\/comments?post=712"}],"version-history":[{"count":5,"href":"https:\/\/www.vuokraaja.com\/nfg\/wp-json\/wp\/v2\/pages\/712\/revisions"}],"predecessor-version":[{"id":795,"href":"https:\/\/www.vuokraaja.com\/nfg\/wp-json\/wp\/v2\/pages\/712\/revisions\/795"}],"wp:attachment":[{"href":"https:\/\/www.vuokraaja.com\/nfg\/wp-json\/wp\/v2\/media?parent=712"}],"curies":[{"name":"wp","href":"https:\/\/api.w.org\/{rel}","templated":true}]}}