{"id":726,"date":"2020-04-07T17:57:18","date_gmt":"2020-04-07T14:57:18","guid":{"rendered":"http:\/\/www.vuokraaja.com\/nfg\/?page_id=726"},"modified":"2020-04-07T18:02:18","modified_gmt":"2020-04-07T15:02:18","slug":"arvot-ja-visio","status":"publish","type":"page","link":"https:\/\/www.vuokraaja.com\/nfg\/arvot-ja-visio\/","title":{"rendered":"Arvot ja visio"},"content":{"rendered":"\n<p><strong>Arvot<\/strong><br><br>Liikuntaa kaikille &#8211; Kaikki pelaevat omalla tasollaan<\/p>\n\n\n\n<p>Kilpailullisuus &#8211;&nbsp;Toimintamme on tavoitteellista kaikilla tasoilla<\/p>\n\n\n\n<p>Yhteis\u00f6llisyys &#8211; Olemme jatkuvasti n\u00e4kyvill\u00e4 toiminta-alueellamme<\/p>\n\n\n\n<p>Iloisuus &#8211; Frisbeegolfin pelaaminen on kivaa!<\/p>\n\n\n\n<p>Suvaitsevaisuus- Yhteisty\u00f6 yli kunta- ja seurarajojen<\/p>\n\n\n\n<p><strong>Visio<\/strong><\/p>\n\n\n\n<p>Lajin tutuksi tuominen  kuntalaisille ja positiivisen imagon levitt\u00e4minen.  Edist\u00e4mme yhdenvertaisia mahdollisuuksia osallistua varallisuudesta, etnisest\u00e4 alkuper\u00e4st\u00e4, sukupuolesta, vammasta tai muusta yksil\u00f6\u00f6n liittyv\u00e4st\u00e4 syyst\u00e4 riippumatta harrastuksen pariin  ja toimimme syrjinn\u00e4n ehk\u00e4isemiseksi.     <\/p>\n","protected":false},"excerpt":{"rendered":"<p>Arvot Liikuntaa kaikille &#8211; Kaikki pelaevat omalla tasollaan Kilpailullisuus &#8211;&nbsp;Toimintamme on tavoitteellista kaikilla tasoilla Yhteis\u00f6llisyys &#8211; Olemme jatkuvasti n\u00e4kyvill\u00e4 toiminta-alueellamme Iloisuus &#8211; Frisbeegolfin pelaaminen on kivaa! Suvaitsevaisuus- Yhteisty\u00f6 yli kunta- ja seurarajojen Visio Lajin tutuksi tuominen kuntalaisille ja positiivisen imagon levitt\u00e4minen. Edist\u00e4mme yhdenvertaisia mahdollisuuksia osallistua varallisuudesta, etnisest\u00e4 alkuper\u00e4st\u00e4, sukupuolesta, vammasta tai muusta yksil\u00f6\u00f6n liittyv\u00e4st\u00e4 syyst\u00e4 &hellip; <a href=\"https:\/\/www.vuokraaja.com\/nfg\/arvot-ja-visio\/\" class=\"more-link\">Jatka lukemista <span class=\"screen-reader-text\">Arvot ja visio<\/span> <span class=\"meta-nav\">&rarr;<\/span><\/a><\/p>\n","protected":false},"author":3,"featured_media":0,"parent":0,"menu_order":0,"comment_status":"closed","ping_status":"closed","template":"","meta":[],"_links":{"self":[{"href":"https:\/\/www.vuokraaja.com\/nfg\/wp-json\/wp\/v2\/pages\/726"}],"collection":[{"href":"https:\/\/www.vuokraaja.com\/nfg\/wp-json\/wp\/v2\/pages"}],"about":[{"href":"https:\/\/www.vuokraaja.com\/nfg\/wp-json\/wp\/v2\/types\/page"}],"author":[{"embeddable":true,"href":"https:\/\/www.vuokraaja.com\/nfg\/wp-json\/wp\/v2\/users\/3"}],"replies":[{"embeddable":true,"href":"https:\/\/www.vuokraaja.com\/nfg\/wp-json\/wp\/v2\/comments?post=726"}],"version-history":[{"count":4,"href":"https:\/\/www.vuokraaja.com\/nfg\/wp-json\/wp\/v2\/pages\/726\/revisions"}],"predecessor-version":[{"id":732,"href":"https:\/\/www.vuokraaja.com\/nfg\/wp-json\/wp\/v2\/pages\/726\/revisions\/732"}],"wp:attachment":[{"href":"https:\/\/www.vuokraaja.com\/nfg\/wp-json\/wp\/v2\/media?parent=726"}],"curies":[{"name":"wp","href":"https:\/\/api.w.org\/{rel}","templated":true}]}}