{"id":824,"date":"2021-06-01T22:09:38","date_gmt":"2021-06-01T19:09:38","guid":{"rendered":"http:\/\/www.vuokraaja.com\/nfg\/?page_id=824"},"modified":"2022-07-11T23:29:30","modified_gmt":"2022-07-11T20:29:30","slug":"vaylat-pyssymaki","status":"publish","type":"page","link":"https:\/\/www.vuokraaja.com\/nfg\/vaylat-pyssymaki\/","title":{"rendered":"V\u00e4yl\u00e4t Pyssym\u00e4ki"},"content":{"rendered":"<p><a href=\"http:\/\/www.vuokraaja.com\/nfg\/wp-content\/uploads\/2021\/06\/Vaylaopaste1.png\"><img loading=\"lazy\" class=\"alignnone size-full wp-image-390\" src=\"http:\/\/www.vuokraaja.com\/nfg\/wp-content\/uploads\/2021\/06\/Vaylaopaste1.png\" alt=\"\" width=\"616\" height=\"865\" \/><\/a>\u00a0<a href=\"http:\/\/www.vuokraaja.com\/nfg\/wp-content\/uploads\/2021\/06\/Vaylaopaste2.png\"><img loading=\"lazy\" class=\"alignnone size-full wp-image-669\" src=\"http:\/\/www.vuokraaja.com\/nfg\/wp-content\/uploads\/2021\/06\/Vaylaopaste2.png\" alt=\"\" width=\"1365\" height=\"1874\" \/><\/a><a href=\"http:\/\/www.vuokraaja.com\/nfg\/wp-content\/uploads\/2021\/06\/Vaylaopaste3.png\"><img loading=\"lazy\" class=\"alignnone size-full wp-image-391\" src=\"http:\/\/www.vuokraaja.com\/nfg\/wp-content\/uploads\/2021\/06\/Vaylaopaste3.png\" alt=\"\" width=\"615\" height=\"864\" \/><\/a>\u00a0<a href=\"http:\/\/www.vuokraaja.com\/nfg\/wp-content\/uploads\/2021\/06\/Vaylaopaste4.png\"><img loading=\"lazy\" class=\"alignnone size-full wp-image-232\" src=\"http:\/\/www.vuokraaja.com\/nfg\/wp-content\/uploads\/2021\/06\/Vaylaopaste4.png\" alt=\"\" width=\"615\" height=\"864\" \/><\/a> <a href=\"http:\/\/www.vuokraaja.com\/nfg\/wp-content\/uploads\/2021\/06\/Vaylaopaste5.png\"><img loading=\"lazy\" class=\"alignnone size-full wp-image-233\" src=\"http:\/\/www.vuokraaja.com\/nfg\/wp-content\/uploads\/2021\/06\/Vaylaopaste5.png\" alt=\"\" width=\"616\" height=\"865\" \/><\/a> <a href=\"http:\/\/www.vuokraaja.com\/nfg\/wp-content\/uploads\/2021\/06\/Vaylaopaste6.png\"><img loading=\"lazy\" class=\"alignnone size-full wp-image-234\" src=\"http:\/\/www.vuokraaja.com\/nfg\/wp-content\/uploads\/2021\/06\/Vaylaopaste6.png\" alt=\"\" width=\"614\" height=\"864\" \/><\/a> <a href=\"http:\/\/www.vuokraaja.com\/nfg\/wp-content\/uploads\/2021\/06\/Vaylaopaste7.png\"><img loading=\"lazy\" class=\"alignnone size-full wp-image-235\" src=\"http:\/\/www.vuokraaja.com\/nfg\/wp-content\/uploads\/2021\/06\/Vaylaopaste7.png\" alt=\"\" width=\"615\" height=\"863\" \/><\/a> <a href=\"http:\/\/www.vuokraaja.com\/nfg\/wp-content\/uploads\/2021\/08\/Vaylaopaste8.png\"><img loading=\"lazy\" class=\"alignnone size-full wp-image-399\" src=\"http:\/\/www.vuokraaja.com\/nfg\/wp-content\/uploads\/2021\/08\/Vaylaopaste8.png\" alt=\"\" width=\"614\" height=\"863\" \/><\/a>\u00a0<a href=\"http:\/\/www.vuokraaja.com\/nfg\/wp-content\/uploads\/2021\/06\/Vaylaopaste9.png\"><img loading=\"lazy\" class=\"alignnone size-full wp-image-398\" src=\"http:\/\/www.vuokraaja.com\/nfg\/wp-content\/uploads\/2021\/06\/Vaylaopaste9.png\" alt=\"\" width=\"615\" height=\"864\" \/><\/a>\u00a0<a href=\"http:\/\/www.vuokraaja.com\/nfg\/wp-content\/uploads\/2021\/06\/Vaylaopaste10.png\"><img loading=\"lazy\" class=\"alignnone size-full wp-image-238\" src=\"http:\/\/www.vuokraaja.com\/nfg\/wp-content\/uploads\/2021\/06\/Vaylaopaste10.png\" alt=\"\" width=\"617\" height=\"866\" \/><\/a> <a href=\"http:\/\/www.vuokraaja.com\/nfg\/wp-content\/uploads\/2021\/06\/Vaylaopaste11.png\"><img loading=\"lazy\" class=\"alignnone size-full wp-image-256\" src=\"http:\/\/www.vuokraaja.com\/nfg\/wp-content\/uploads\/2021\/06\/Vaylaopaste11.png\" alt=\"\" width=\"615\" height=\"864\" \/><\/a><a href=\"http:\/\/www.vuokraaja.com\/nfg\/wp-content\/uploads\/2021\/06\/Vaylaopaste12.png\"><img loading=\"lazy\" class=\"alignnone size-full wp-image-240\" src=\"http:\/\/www.vuokraaja.com\/nfg\/wp-content\/uploads\/2021\/06\/Vaylaopaste12.png\" alt=\"\" width=\"616\" height=\"866\" \/><\/a> <a href=\"http:\/\/www.vuokraaja.com\/nfg\/wp-content\/uploads\/2021\/06\/Vaylaopaste13.png\"><img loading=\"lazy\" class=\"alignnone size-full wp-image-241\" src=\"http:\/\/www.vuokraaja.com\/nfg\/wp-content\/uploads\/2021\/06\/Vaylaopaste13.png\" alt=\"\" width=\"614\" height=\"865\" \/><\/a> <a href=\"http:\/\/www.vuokraaja.com\/nfg\/wp-content\/uploads\/2021\/06\/Vaylaopaste14.png\"><img loading=\"lazy\" class=\"alignnone size-full wp-image-242\" src=\"http:\/\/www.vuokraaja.com\/nfg\/wp-content\/uploads\/2021\/06\/Vaylaopaste14.png\" alt=\"v\u00e4yl\u00e414\" width=\"614\" height=\"864\" \/><\/a> <a href=\"http:\/\/www.vuokraaja.com\/nfg\/wp-content\/uploads\/2021\/06\/Vaylaopaste15.png\"><img loading=\"lazy\" class=\"alignnone size-full wp-image-243\" src=\"http:\/\/www.vuokraaja.com\/nfg\/wp-content\/uploads\/2021\/06\/Vaylaopaste15.png\" alt=\"\" width=\"616\" height=\"865\" \/><\/a> <a href=\"http:\/\/www.vuokraaja.com\/nfg\/wp-content\/uploads\/2021\/06\/Vaylaopaste16.png\"><img loading=\"lazy\" class=\"alignnone size-full wp-image-244\" src=\"http:\/\/www.vuokraaja.com\/nfg\/wp-content\/uploads\/2021\/06\/Vaylaopaste16.png\" alt=\"\" width=\"615\" height=\"865\" \/><\/a> <a href=\"http:\/\/www.vuokraaja.com\/nfg\/wp-content\/uploads\/2022\/07\/Vaylaopaste17.png\"><img loading=\"lazy\" class=\"alignnone size-full wp-image-245\" src=\"http:\/\/www.vuokraaja.com\/nfg\/wp-content\/uploads\/2022\/07\/Vaylaopaste17.png\" alt=\"\" width=\"614\" height=\"865\" \/><\/a> <a href=\"http:\/\/www.vuokraaja.com\/nfg\/wp-content\/uploads\/2021\/06\/Vaylaopaste18.png\"><img loading=\"lazy\" class=\"alignnone size-full wp-image-246\" src=\"http:\/\/www.vuokraaja.com\/nfg\/wp-content\/uploads\/2021\/06\/Vaylaopaste18.png\" alt=\"\" width=\"616\" height=\"865\" \/><\/a><\/p>\n","protected":false},"excerpt":{"rendered":"<p>\u00a0\u00a0 \u00a0\u00a0<\/p>\n","protected":false},"author":3,"featured_media":0,"parent":0,"menu_order":0,"comment_status":"closed","ping_status":"closed","template":"","meta":[],"_links":{"self":[{"href":"https:\/\/www.vuokraaja.com\/nfg\/wp-json\/wp\/v2\/pages\/824"}],"collection":[{"href":"https:\/\/www.vuokraaja.com\/nfg\/wp-json\/wp\/v2\/pages"}],"about":[{"href":"https:\/\/www.vuokraaja.com\/nfg\/wp-json\/wp\/v2\/types\/page"}],"author":[{"embeddable":true,"href":"https:\/\/www.vuokraaja.com\/nfg\/wp-json\/wp\/v2\/users\/3"}],"replies":[{"embeddable":true,"href":"https:\/\/www.vuokraaja.com\/nfg\/wp-json\/wp\/v2\/comments?post=824"}],"version-history":[{"count":8,"href":"https:\/\/www.vuokraaja.com\/nfg\/wp-json\/wp\/v2\/pages\/824\/revisions"}],"predecessor-version":[{"id":1023,"href":"https:\/\/www.vuokraaja.com\/nfg\/wp-json\/wp\/v2\/pages\/824\/revisions\/1023"}],"wp:attachment":[{"href":"https:\/\/www.vuokraaja.com\/nfg\/wp-json\/wp\/v2\/media?parent=824"}],"curies":[{"name":"wp","href":"https:\/\/api.w.org\/{rel}","templated":true}]}}