{"id":976,"date":"2022-06-16T12:09:15","date_gmt":"2022-06-16T09:09:15","guid":{"rendered":"https:\/\/www.vuokraaja.com\/nfg\/?page_id=976"},"modified":"2022-06-27T21:42:03","modified_gmt":"2022-06-27T18:42:03","slug":"kalliosaaren-frisbeekeskus","status":"publish","type":"page","link":"https:\/\/www.vuokraaja.com\/nfg\/kalliosaaren-frisbeekeskus\/","title":{"rendered":"Kalliosaaren FrisbeeKeskus"},"content":{"rendered":"\n<figure class=\"wp-block-image size-full\"><a href=\"http:\/\/www.vuokraaja.com\/nfg\/wp-content\/uploads\/2022\/06\/Kalliosaaren_Frisbeekeskus.jpg\"><img loading=\"lazy\" width=\"1500\" height=\"1000\" src=\"https:\/\/www.vuokraaja.com\/nfg\/wp-content\/uploads\/2022\/06\/Kalliosaaren_Frisbeekeskus.jpg\" alt=\"\" class=\"wp-image-984\" srcset=\"https:\/\/www.vuokraaja.com\/nfg\/wp-content\/uploads\/2022\/06\/Kalliosaaren_Frisbeekeskus.jpg 1500w, https:\/\/www.vuokraaja.com\/nfg\/wp-content\/uploads\/2022\/06\/Kalliosaaren_Frisbeekeskus-300x200.jpg 300w, https:\/\/www.vuokraaja.com\/nfg\/wp-content\/uploads\/2022\/06\/Kalliosaaren_Frisbeekeskus-1024x683.jpg 1024w, https:\/\/www.vuokraaja.com\/nfg\/wp-content\/uploads\/2022\/06\/Kalliosaaren_Frisbeekeskus-768x512.jpg 768w\" sizes=\"(max-width: 1500px) 100vw, 1500px\" \/><\/a><figcaption>Avaa kuva isommaksi klikkaamalla kuvaa<\/figcaption><\/figure>\n\n\n\n<ul><li><strong>18 v\u00e4yl\u00e4inen ammattitason PRO-rata<\/strong><br>Discgolfpark tuotteilla, Discather koreilla ja pro-tee heittopaikoilla on rata alueen parhaimpia puistoratoja<\/li><li><strong>9 v\u00e4yl\u00e4inen amat\u00f6\u00f6ri AM-rata<\/strong><br>Rata suunnattu aloittelijoille ja perheille, k\u00e4y my\u00f6s ammattipelaajille l\u00e4mmittelyyn ja harjoitteluun. PDGA hyv\u00e4ksytyt ISport Premium korit ja keinonurmiheittopaikat.<\/li><li><strong>Kaksi paikkainen pituusheittoalue<\/strong><br>Pituusheittoon merkitty mittatolpat 50,90 ja 150m. Mittaa riitt\u00e4\u00e4 isoimmille heitt\u00e4jille aina 250m asti. Heittopaikat keinonurmea.<\/li><li><strong>3 korin harjoittelualue<\/strong><br>Putin ja l\u00e4hipelin harjoitteluun. 2 koria l\u00e4hemp\u00e4n\u00e4 alkua ja yksi kauempana.<\/li><li><strong>Heittoverkko<\/strong><br>Voit treenata heittotekniikkaa ja l\u00e4mmitell\u00e4 hakematta kiekkoja kauempaa. <\/li><li><strong>Nurmialue muihin lajeihin<\/strong><br>Nurmialueelle mahtuu t\u00e4ysi Ultimate kentt\u00e4. My\u00f6s koppaus (pituus, aika) lajeja voi harrastaa. Tai vaikka heitt\u00e4\u00e4 tarkkuutta treenikoreihin tai pituusheittopaikalla merkityille 40, 60 ja 80m tolpille.<\/li><\/ul>\n","protected":false},"excerpt":{"rendered":"<p>18 v\u00e4yl\u00e4inen ammattitason PRO-rataDiscgolfpark tuotteilla, Discather koreilla ja pro-tee heittopaikoilla on rata alueen parhaimpia puistoratoja 9 v\u00e4yl\u00e4inen amat\u00f6\u00f6ri AM-rataRata suunnattu aloittelijoille ja perheille, k\u00e4y my\u00f6s ammattipelaajille l\u00e4mmittelyyn ja harjoitteluun. PDGA hyv\u00e4ksytyt ISport Premium korit ja keinonurmiheittopaikat. Kaksi paikkainen pituusheittoaluePituusheittoon merkitty mittatolpat 50,90 ja 150m. Mittaa riitt\u00e4\u00e4 isoimmille heitt\u00e4jille aina 250m asti. Heittopaikat keinonurmea. 3 korin &hellip; <a href=\"https:\/\/www.vuokraaja.com\/nfg\/kalliosaaren-frisbeekeskus\/\" class=\"more-link\">Jatka lukemista <span class=\"screen-reader-text\">Kalliosaaren FrisbeeKeskus<\/span> <span class=\"meta-nav\">&rarr;<\/span><\/a><\/p>\n","protected":false},"author":3,"featured_media":0,"parent":0,"menu_order":0,"comment_status":"closed","ping_status":"closed","template":"","meta":[],"_links":{"self":[{"href":"https:\/\/www.vuokraaja.com\/nfg\/wp-json\/wp\/v2\/pages\/976"}],"collection":[{"href":"https:\/\/www.vuokraaja.com\/nfg\/wp-json\/wp\/v2\/pages"}],"about":[{"href":"https:\/\/www.vuokraaja.com\/nfg\/wp-json\/wp\/v2\/types\/page"}],"author":[{"embeddable":true,"href":"https:\/\/www.vuokraaja.com\/nfg\/wp-json\/wp\/v2\/users\/3"}],"replies":[{"embeddable":true,"href":"https:\/\/www.vuokraaja.com\/nfg\/wp-json\/wp\/v2\/comments?post=976"}],"version-history":[{"count":9,"href":"https:\/\/www.vuokraaja.com\/nfg\/wp-json\/wp\/v2\/pages\/976\/revisions"}],"predecessor-version":[{"id":997,"href":"https:\/\/www.vuokraaja.com\/nfg\/wp-json\/wp\/v2\/pages\/976\/revisions\/997"}],"wp:attachment":[{"href":"https:\/\/www.vuokraaja.com\/nfg\/wp-json\/wp\/v2\/media?parent=976"}],"curies":[{"name":"wp","href":"https:\/\/api.w.org\/{rel}","templated":true}]}}