{"id":991,"date":"2022-06-21T22:52:55","date_gmt":"2022-06-21T19:52:55","guid":{"rendered":"https:\/\/www.vuokraaja.com\/nfg\/?page_id=991"},"modified":"2022-06-21T22:52:55","modified_gmt":"2022-06-21T19:52:55","slug":"rataetiketti-saannot","status":"publish","type":"page","link":"https:\/\/www.vuokraaja.com\/nfg\/rataetiketti-saannot\/","title":{"rendered":"Rataetiketti \/ S\u00e4\u00e4nn\u00f6t"},"content":{"rendered":"\n<ul><li>Tutustu ratakarttaan ja lue v\u00e4yl\u00e4opasteet. Rata on turvallinen harrastajille ja alueen muille k\u00e4ytt\u00e4jille, kun noudatamme annettuja ohjeita. Pid\u00e4 rata-alue siistin\u00e4 ja vahingoittumattomana: siten lajin harrastajat toimivat yhteisen hienon harrastuksen hyv\u00e4ksi.<\/li><li>Rata-alueen ja v\u00e4ylien roskaaminen on kielletty: kanna roskat, tyhj\u00e4t pullot, tupakantumpit, nuuskapussit yms. roskat mukanasi pois. Jos et jaksa niit\u00e4 kantaa mukanasi pois, niin laita ne radalla oleviin roskakoreihin.<\/li><li>\u00c4l\u00e4 vahingoita v\u00e4yli\u00e4, v\u00e4ylien puustoa, pensaita tai kasvillisuutta. V\u00e4ylien muoto, niill\u00e4 ja v\u00e4ylien l\u00e4hell\u00e4 olevien puiden, oksien ja pensaiden sijainnit sek\u00e4 muut luontaiset esteet ovat tarkkaan harkittuja ja suunniteltuja v\u00e4ylien osia. Puiden ja oksien taivuttaminen, katkaiseminen ja hentojen ouiden v\u00e4\u00e4nt\u00e4minen on ehdottomasti kielletty.<\/li><li>Rata-alueen l\u00e4hell\u00e4 on taloja ja niiss\u00e4 paikallisia asukkaita. \u00c4l\u00e4 mekasta turhaan tai huuda rata-alueella, jotta et h\u00e4iritse rata-alueen naapureita ja muita radalla pelaavia heitt\u00e4ji\u00e4. Radalla on hiljaisuus 22-07, joka tarkoittaa ett\u00e4 voi pelata, kunhan y\u00f6 aikaan ei huudeta eik\u00e4 kuunnella musiikkia pelatessa!<\/li><li>Kun v\u00e4yl\u00e4 pelataan kuten kunkin v\u00e4yl\u00e4n oppaassa lukee, niin kiekkoja ei voi menn\u00e4 l\u00e4hi talojen pihoille. Jos t\u00e4ll\u00e4inen arviointivirhe tulee, niin talojen pihoille ei voi menn\u00e4 ilman lupaa. Pahimmassa tapauksessa n\u00e4in toimiessa voi syyllisty\u00e4 rikokseen. Lupa kiekon hakuun kysyt\u00e4\u00e4n etuovelta, mennen sinne tiet\u00e4 pitkin, pimpottamalla ovikelloa ja pahoittelemalla tapahtunutta. Muista, ett\u00e4 mik\u00e4li pihalle mennyt kiekko aiheuttaa vahinkoa, on heitt\u00e4j\u00e4 velvollinen korvaamaan aiheutuneet vahingot!<\/li><li>Heit\u00e4 vastuullisesti: ennen heittoa varmistu ettei v\u00e4yl\u00e4ll\u00e4 tai sen l\u00e4hell\u00e4 ei ole muita alueen k\u00e4ytt\u00e4ji\u00e4 tai heitt\u00e4ji\u00e4. Anna edell\u00e4 menev\u00e4lle ryhm\u00e4lle pelirauha. Odota my\u00f6s, ett\u00e4 py\u00f6r\u00e4teiden liikkujat ovat ohittaneet v\u00e4yl\u00e4n ja ovat turvallisen matkan p\u00e4\u00e4ss\u00e4 my\u00f6s siit\u00e4, jos kiekko lipsahtaa,<\/li><li>Olet vastuussa heitt\u00e4m\u00e4st\u00e4si kiekosta. Jos vahingossa aiheutat heitollasi vaaratilanteen, varoita muita kuuluvalla huudollasi. <\/li><li>Anna pelikavereidesi ja l\u00e4heisill\u00e4 v\u00e4ylill\u00e4 pelaajien heitt\u00e4\u00e4 rauhassa. V\u00e4lt\u00e4 melua ja liikehdint\u00e4\u00e4 muiden keskittyess\u00e4 heitt\u00e4miseen.<\/li><li>Jos takana tuleva ryhm\u00e4 pelaa nopeammin, on kohteliasta p\u00e4\u00e4st\u00e4\u00e4 heid\u00e4t ohi.<\/li><li>Merkitse kiekkosi tunnistettavalla tavalla, ett\u00e4 kiekkosi voidaan palauttaa sinelle, jos hukkaat sen. L\u00f6yt\u00f6kiekot voi palauttaa suoraan omistajalle tai radan l\u00f6yt\u00f6kiekkolaatikkoon. \u00c4L\u00c4 VARASTA TOISEN OMAISUUTTA! T\u00e4m\u00e4 koskee my\u00f6s lampia! Ole rehellinen, kuten frisbeegolffaajan kuuluukin olla! <\/li><\/ul>\n\n\n\n<figure class=\"wp-block-image size-large\"><a href=\"http:\/\/www.vuokraaja.com\/nfg\/wp-content\/uploads\/2020\/05\/frisbeegolfaajan-etiketti-01.png\"><img loading=\"lazy\" width=\"791\" height=\"1024\" src=\"http:\/\/www.vuokraaja.com\/nfg\/wp-content\/uploads\/2020\/05\/frisbeegolfaajan-etiketti-01-791x1024.png\" alt=\"\" class=\"wp-image-765\" srcset=\"https:\/\/www.vuokraaja.com\/nfg\/wp-content\/uploads\/2020\/05\/frisbeegolfaajan-etiketti-01-791x1024.png 791w, https:\/\/www.vuokraaja.com\/nfg\/wp-content\/uploads\/2020\/05\/frisbeegolfaajan-etiketti-01-232x300.png 232w, https:\/\/www.vuokraaja.com\/nfg\/wp-content\/uploads\/2020\/05\/frisbeegolfaajan-etiketti-01-768x994.png 768w\" sizes=\"(max-width: 791px) 100vw, 791px\" \/><\/a><\/figure>\n","protected":false},"excerpt":{"rendered":"<p>Tutustu ratakarttaan ja lue v\u00e4yl\u00e4opasteet. Rata on turvallinen harrastajille ja alueen muille k\u00e4ytt\u00e4jille, kun noudatamme annettuja ohjeita. Pid\u00e4 rata-alue siistin\u00e4 ja vahingoittumattomana: siten lajin harrastajat toimivat yhteisen hienon harrastuksen hyv\u00e4ksi. Rata-alueen ja v\u00e4ylien roskaaminen on kielletty: kanna roskat, tyhj\u00e4t pullot, tupakantumpit, nuuskapussit yms. roskat mukanasi pois. Jos et jaksa niit\u00e4 kantaa mukanasi pois, niin laita &hellip; <a href=\"https:\/\/www.vuokraaja.com\/nfg\/rataetiketti-saannot\/\" class=\"more-link\">Jatka lukemista <span class=\"screen-reader-text\">Rataetiketti \/ S\u00e4\u00e4nn\u00f6t<\/span> <span class=\"meta-nav\">&rarr;<\/span><\/a><\/p>\n","protected":false},"author":3,"featured_media":0,"parent":0,"menu_order":0,"comment_status":"closed","ping_status":"closed","template":"","meta":[],"_links":{"self":[{"href":"https:\/\/www.vuokraaja.com\/nfg\/wp-json\/wp\/v2\/pages\/991"}],"collection":[{"href":"https:\/\/www.vuokraaja.com\/nfg\/wp-json\/wp\/v2\/pages"}],"about":[{"href":"https:\/\/www.vuokraaja.com\/nfg\/wp-json\/wp\/v2\/types\/page"}],"author":[{"embeddable":true,"href":"https:\/\/www.vuokraaja.com\/nfg\/wp-json\/wp\/v2\/users\/3"}],"replies":[{"embeddable":true,"href":"https:\/\/www.vuokraaja.com\/nfg\/wp-json\/wp\/v2\/comments?post=991"}],"version-history":[{"count":1,"href":"https:\/\/www.vuokraaja.com\/nfg\/wp-json\/wp\/v2\/pages\/991\/revisions"}],"predecessor-version":[{"id":992,"href":"https:\/\/www.vuokraaja.com\/nfg\/wp-json\/wp\/v2\/pages\/991\/revisions\/992"}],"wp:attachment":[{"href":"https:\/\/www.vuokraaja.com\/nfg\/wp-json\/wp\/v2\/media?parent=991"}],"curies":[{"name":"wp","href":"https:\/\/api.w.org\/{rel}","templated":true}]}}